{"id":1003,"date":"2024-09-04T11:20:33","date_gmt":"2024-09-04T09:20:33","guid":{"rendered":"https:\/\/portal.adas.de\/home\/?page_id=1003"},"modified":"2026-04-09T11:01:06","modified_gmt":"2026-04-09T09:01:06","slug":"vorstand","status":"publish","type":"page","link":"https:\/\/portal.adas.de\/home\/index.php\/vorstand\/","title":{"rendered":"Vorstand"},"content":{"rendered":"<p>[et_pb_section fb_built=&#8220;1&#8243; admin_label=&#8220;Services&#8220; _builder_version=&#8220;3.22&#8243; custom_padding=&#8220;20px|0px|20px|0px|true|false&#8220;][et_pb_row _builder_version=&#8220;4.7.3&#8243; _module_preset=&#8220;default&#8220;][et_pb_column type=&#8220;4_4&#8243; _builder_version=&#8220;4.7.3&#8243; _module_preset=&#8220;default&#8220;][et_pb_text _builder_version=&#8220;4.7.3&#8243; _module_preset=&#8220;default&#8220; text_font_size=&#8220;24px&#8220;]<\/p>\n<p>Vorstand<\/p>\n<p>[\/et_pb_text][\/et_pb_column][\/et_pb_row][et_pb_row column_structure=&#8220;1_4,1_4,1_4,1_4&#8243; admin_label=&#8220;Row&#8220; _builder_version=&#8220;4.7.3&#8243; saved_tabs=&#8220;all&#8220;][et_pb_column type=&#8220;1_4&#8243; _builder_version=&#8220;3.25&#8243; custom_padding=&#8220;|||&#8220; custom_padding__hover=&#8220;|||&#8220;][et_pb_blurb title=&#8220;Gerhard Haas&#8220; image=&#8220;https:\/\/portal.adas.de\/home\/wp-content\/uploads\/2024\/09\/gerhard_haas-2.jpg&#8220; content_max_width=&#8220;100%&#8220; _builder_version=&#8220;4.7.3&#8243; header_font=&#8220;Montserrat|700|||||||&#8220; header_line_height=&#8220;1.5em&#8220; body_font=&#8220;Montserrat||||||||&#8220; body_line_height=&#8220;1.8em&#8220; custom_padding=&#8220;|||&#8220; animation_style=&#8220;fade&#8220; border_radii=&#8220;on|6px|6px|6px|6px&#8220; border_radii_image=&#8220;on|10px|10px|10px|10px&#8220; locked=&#8220;off&#8220;]<\/p>\n<p>Vorstandsvorsitzender<\/p>\n<p>[\/et_pb_blurb][et_pb_button button_url=&#8220;http:\/\/www.adg.de&#8220; url_new_window=&#8220;on&#8220; button_text=&#8220;ADG Apotheken-Dienstleistungsgesellschaft mbH&#8220; _builder_version=&#8220;4.7.3&#8243; custom_button=&#8220;on&#8220; button_text_size=&#8220;14px&#8220; button_text_color=&#8220;rgba(1,77,183,0.7)&#8220; button_bg_color=&#8220;rgba(1,77,183,0.1)&#8220; button_border_width=&#8220;12px&#8220; button_border_color=&#8220;rgba(0,0,0,0)&#8220; button_border_radius=&#8220;100px&#8220; button_font=&#8220;Montserrat|700|||||||&#8220; button_use_icon=&#8220;off&#8220; background_layout=&#8220;dark&#8220; button_text_color_hover=&#8220;rgba(1,77,183,0.9)&#8220; button_border_radius_hover=&#8220;100px&#8220; locked=&#8220;off&#8220; button_text_size__hover_enabled=&#8220;off&#8220; button_one_text_size__hover_enabled=&#8220;off&#8220; button_two_text_size__hover_enabled=&#8220;off&#8220; button_text_color__hover_enabled=&#8220;on&#8220; button_text_color__hover=&#8220;rgba(1,77,183,0.9)&#8220; button_one_text_color__hover_enabled=&#8220;off&#8220; button_two_text_color__hover_enabled=&#8220;off&#8220; button_border_width__hover_enabled=&#8220;off&#8220; button_one_border_width__hover_enabled=&#8220;off&#8220; button_two_border_width__hover_enabled=&#8220;off&#8220; button_border_color__hover_enabled=&#8220;off&#8220; button_one_border_color__hover_enabled=&#8220;off&#8220; button_two_border_color__hover_enabled=&#8220;off&#8220; button_border_radius__hover_enabled=&#8220;on&#8220; button_border_radius__hover=&#8220;100px&#8220; button_one_border_radius__hover_enabled=&#8220;off&#8220; button_two_border_radius__hover_enabled=&#8220;off&#8220; button_letter_spacing__hover_enabled=&#8220;off&#8220; button_one_letter_spacing__hover_enabled=&#8220;off&#8220; button_two_letter_spacing__hover_enabled=&#8220;off&#8220; button_bg_color__hover_enabled=&#8220;off&#8220; button_one_bg_color__hover_enabled=&#8220;off&#8220; button_two_bg_color__hover_enabled=&#8220;off&#8220;][\/et_pb_button][\/et_pb_column][et_pb_column type=&#8220;1_4&#8243; _builder_version=&#8220;3.25&#8243; custom_padding=&#8220;|||&#8220; custom_padding__hover=&#8220;|||&#8220;][et_pb_blurb title=&#8220;Benjamin Neidhold&#8220; image=&#8220;https:\/\/portal.adas.de\/home\/wp-content\/uploads\/2024\/09\/benjamin_neidhold-1.jpg&#8220; content_max_width=&#8220;100%&#8220; _builder_version=&#8220;4.7.3&#8243; header_font=&#8220;Montserrat|700|||||||&#8220; header_line_height=&#8220;1.5em&#8220; body_font=&#8220;Montserrat||||||||&#8220; body_line_height=&#8220;1.8em&#8220; custom_padding=&#8220;|||&#8220; animation_style=&#8220;fade&#8220; border_radii=&#8220;on|6px|6px|6px|6px&#8220; border_radii_image=&#8220;on|10px|10px|10px|10px&#8220; locked=&#8220;off&#8220;]<\/p>\n<p>erster stellvertretender Vorsitzender<\/p>\n<p>[\/et_pb_blurb][et_pb_button button_url=&#8220;http:\/\/www.pharmatechnik.de&#8220; url_new_window=&#8220;on&#8220; button_text=&#8220;PHARMATECHNIK GmbH &#038; Co. KG&#8220; _builder_version=&#8220;4.7.3&#8243; custom_button=&#8220;on&#8220; button_text_size=&#8220;14px&#8220; button_text_color=&#8220;rgba(1,77,183,0.7)&#8220; button_bg_color=&#8220;rgba(1,77,183,0.1)&#8220; button_border_width=&#8220;12px&#8220; button_border_color=&#8220;rgba(0,0,0,0)&#8220; button_border_radius=&#8220;100px&#8220; button_font=&#8220;Montserrat|700|||||||&#8220; button_use_icon=&#8220;off&#8220; background_layout=&#8220;dark&#8220; button_text_color_hover=&#8220;rgba(1,77,183,0.9)&#8220; button_border_radius_hover=&#8220;100px&#8220; locked=&#8220;off&#8220; button_text_size__hover_enabled=&#8220;off&#8220; button_one_text_size__hover_enabled=&#8220;off&#8220; button_two_text_size__hover_enabled=&#8220;off&#8220; button_text_color__hover_enabled=&#8220;on&#8220; button_text_color__hover=&#8220;rgba(1,77,183,0.9)&#8220; button_one_text_color__hover_enabled=&#8220;off&#8220; button_two_text_color__hover_enabled=&#8220;off&#8220; button_border_width__hover_enabled=&#8220;off&#8220; button_one_border_width__hover_enabled=&#8220;off&#8220; button_two_border_width__hover_enabled=&#8220;off&#8220; button_border_color__hover_enabled=&#8220;off&#8220; button_one_border_color__hover_enabled=&#8220;off&#8220; button_two_border_color__hover_enabled=&#8220;off&#8220; button_border_radius__hover_enabled=&#8220;on&#8220; button_border_radius__hover=&#8220;100px&#8220; button_one_border_radius__hover_enabled=&#8220;off&#8220; button_two_border_radius__hover_enabled=&#8220;off&#8220; button_letter_spacing__hover_enabled=&#8220;off&#8220; button_one_letter_spacing__hover_enabled=&#8220;off&#8220; button_two_letter_spacing__hover_enabled=&#8220;off&#8220; button_bg_color__hover_enabled=&#8220;off&#8220; button_one_bg_color__hover_enabled=&#8220;off&#8220; button_two_bg_color__hover_enabled=&#8220;off&#8220;][\/et_pb_button][\/et_pb_column][et_pb_column type=&#8220;1_4&#8243; _builder_version=&#8220;3.25&#8243; custom_padding=&#8220;|||&#8220; custom_padding__hover=&#8220;|||&#8220;][et_pb_blurb title=&#8220;Hauke Stirler&#8220; image=&#8220;https:\/\/portal.adas.de\/home\/wp-content\/uploads\/2024\/09\/hauke_stirler.jpg&#8220; content_max_width=&#8220;100%&#8220; _builder_version=&#8220;4.7.3&#8243; header_font=&#8220;Montserrat|700|||||||&#8220; header_line_height=&#8220;1.5em&#8220; body_font=&#8220;Montserrat||||||||&#8220; body_line_height=&#8220;1.8em&#8220; custom_padding=&#8220;|||&#8220; animation_style=&#8220;fade&#8220; border_radii=&#8220;on|6px|6px|6px|6px&#8220; border_radii_image=&#8220;on|10px|10px|10px|10px&#8220; locked=&#8220;off&#8220;]<\/p>\n<p>zweiter stellvertretender Vorsitzender<\/p>\n<p>[\/et_pb_blurb][et_pb_button button_url=&#8220;https:\/\/pharmagest.com\/de\/&#8220; url_new_window=&#8220;on&#8220; button_text=&#8220;PHARMAGEST Germany GmbH&#8220; _builder_version=&#8220;4.7.3&#8243; custom_button=&#8220;on&#8220; button_text_size=&#8220;14px&#8220; button_text_color=&#8220;rgba(1,77,183,0.7)&#8220; button_bg_color=&#8220;rgba(1,77,183,0.1)&#8220; button_border_width=&#8220;12px&#8220; button_border_color=&#8220;rgba(0,0,0,0)&#8220; button_border_radius=&#8220;100px&#8220; button_font=&#8220;Montserrat|700|||||||&#8220; button_use_icon=&#8220;off&#8220; background_layout=&#8220;dark&#8220; hover_enabled=&#8220;0&#8243; button_text_color_hover=&#8220;rgba(1,77,183,0.9)&#8220; button_border_radius_hover=&#8220;100px&#8220; locked=&#8220;off&#8220; button_text_size__hover_enabled=&#8220;off&#8220; button_one_text_size__hover_enabled=&#8220;off&#8220; button_two_text_size__hover_enabled=&#8220;off&#8220; button_text_color__hover_enabled=&#8220;on&#8220; button_text_color__hover=&#8220;rgba(1,77,183,0.9)&#8220; button_one_text_color__hover_enabled=&#8220;off&#8220; button_two_text_color__hover_enabled=&#8220;off&#8220; button_border_width__hover_enabled=&#8220;off&#8220; button_one_border_width__hover_enabled=&#8220;off&#8220; button_two_border_width__hover_enabled=&#8220;off&#8220; button_border_color__hover_enabled=&#8220;off&#8220; button_one_border_color__hover_enabled=&#8220;off&#8220; button_two_border_color__hover_enabled=&#8220;off&#8220; button_border_radius__hover_enabled=&#8220;on&#8220; button_border_radius__hover=&#8220;100px&#8220; button_one_border_radius__hover_enabled=&#8220;off&#8220; button_two_border_radius__hover_enabled=&#8220;off&#8220; button_letter_spacing__hover_enabled=&#8220;off&#8220; button_one_letter_spacing__hover_enabled=&#8220;off&#8220; button_two_letter_spacing__hover_enabled=&#8220;off&#8220; button_bg_color__hover_enabled=&#8220;off&#8220; button_one_bg_color__hover_enabled=&#8220;off&#8220; button_two_bg_color__hover_enabled=&#8220;off&#8220; sticky_enabled=&#8220;0&#8243;][\/et_pb_button][\/et_pb_column][et_pb_column type=&#8220;1_4&#8243; _builder_version=&#8220;3.25&#8243; custom_padding=&#8220;|||&#8220; custom_padding__hover=&#8220;|||&#8220;][et_pb_blurb title=&#8220;Herbert Wild&#8220; image=&#8220;https:\/\/portal.adas.de\/home\/wp-content\/uploads\/2024\/09\/herbert_wild.jpg&#8220; content_max_width=&#8220;100%&#8220; _builder_version=&#8220;4.7.3&#8243; header_font=&#8220;Montserrat|700|||||||&#8220; header_line_height=&#8220;1.5em&#8220; body_font=&#8220;Montserrat||||||||&#8220; body_line_height=&#8220;1.8em&#8220; custom_padding=&#8220;||0px|||&#8220; animation_style=&#8220;fade&#8220; border_radii=&#8220;on|6px|6px|6px|6px&#8220; border_radii_image=&#8220;on|10px|10px|10px|10px&#8220; locked=&#8220;off&#8220;]<\/p>\n<p>Schatzmeister<\/p>\n<p>[\/et_pb_blurb][et_pb_button button_url=&#8220;http:\/\/www.noventi.de&#8220; url_new_window=&#8220;on&#8220; button_text=&#8220;Noventi Health SE&#8220; _builder_version=&#8220;4.7.3&#8243; custom_button=&#8220;on&#8220; button_text_size=&#8220;14px&#8220; button_text_color=&#8220;rgba(1,77,183,0.7)&#8220; button_bg_color=&#8220;rgba(1,77,183,0.1)&#8220; button_border_width=&#8220;12px&#8220; button_border_color=&#8220;rgba(0,0,0,0)&#8220; button_border_radius=&#8220;100px&#8220; button_font=&#8220;Montserrat|700|||||||&#8220; button_use_icon=&#8220;off&#8220; background_layout=&#8220;dark&#8220; button_text_color_hover=&#8220;rgba(1,77,183,0.9)&#8220; button_border_radius_hover=&#8220;100px&#8220; locked=&#8220;off&#8220; button_text_size__hover_enabled=&#8220;off&#8220; button_one_text_size__hover_enabled=&#8220;off&#8220; button_two_text_size__hover_enabled=&#8220;off&#8220; button_text_color__hover_enabled=&#8220;on&#8220; button_text_color__hover=&#8220;rgba(1,77,183,0.9)&#8220; button_one_text_color__hover_enabled=&#8220;off&#8220; button_two_text_color__hover_enabled=&#8220;off&#8220; button_border_width__hover_enabled=&#8220;off&#8220; button_one_border_width__hover_enabled=&#8220;off&#8220; button_two_border_width__hover_enabled=&#8220;off&#8220; button_border_color__hover_enabled=&#8220;off&#8220; button_one_border_color__hover_enabled=&#8220;off&#8220; button_two_border_color__hover_enabled=&#8220;off&#8220; button_border_radius__hover_enabled=&#8220;on&#8220; button_border_radius__hover=&#8220;100px&#8220; button_one_border_radius__hover_enabled=&#8220;off&#8220; button_two_border_radius__hover_enabled=&#8220;off&#8220; button_letter_spacing__hover_enabled=&#8220;off&#8220; button_one_letter_spacing__hover_enabled=&#8220;off&#8220; button_two_letter_spacing__hover_enabled=&#8220;off&#8220; button_bg_color__hover_enabled=&#8220;off&#8220; button_one_bg_color__hover_enabled=&#8220;off&#8220; button_two_bg_color__hover_enabled=&#8220;off&#8220;][\/et_pb_button][\/et_pb_column][\/et_pb_row][\/et_pb_section]<\/p>\n","protected":false},"excerpt":{"rendered":"<p>[et_pb_section fb_built=&#8220;1&#8243; admin_label=&#8220;Services&#8220; _builder_version=&#8220;3.22&#8243; custom_padding=&#8220;20px|0px|20px|0px|true|false&#8220;][et_pb_row _builder_version=&#8220;4.7.3&#8243; _module_preset=&#8220;default&#8220;][et_pb_column type=&#8220;4_4&#8243; _builder_version=&#8220;4.7.3&#8243; _module_preset=&#8220;default&#8220;][et_pb_text _builder_version=&#8220;4.7.3&#8243; _module_preset=&#8220;default&#8220; text_font_size=&#8220;24px&#8220;] Vorstand [\/et_pb_text][\/et_pb_column][\/et_pb_row][et_pb_row column_structure=&#8220;1_4,1_4,1_4,1_4&#8243; admin_label=&#8220;Row&#8220; _builder_version=&#8220;4.7.3&#8243; saved_tabs=&#8220;all&#8220;][et_pb_column type=&#8220;1_4&#8243; _builder_version=&#8220;3.25&#8243; custom_padding=&#8220;|||&#8220; custom_padding__hover=&#8220;|||&#8220;][et_pb_blurb title=&#8220;Gerhard Haas&#8220; image=&#8220;https:\/\/portal.adas.de\/home\/wp-content\/uploads\/2024\/09\/gerhard_haas-2.jpg&#8220; content_max_width=&#8220;100%&#8220; _builder_version=&#8220;4.7.3&#8243; header_font=&#8220;Montserrat|700|||||||&#8220; header_line_height=&#8220;1.5em&#8220; body_font=&#8220;Montserrat||||||||&#8220; body_line_height=&#8220;1.8em&#8220; custom_padding=&#8220;|||&#8220; animation_style=&#8220;fade&#8220; border_radii=&#8220;on|6px|6px|6px|6px&#8220; border_radii_image=&#8220;on|10px|10px|10px|10px&#8220; locked=&#8220;off&#8220;] Vorstandsvorsitzender [\/et_pb_blurb][et_pb_button button_url=&#8220;http:\/\/www.adg.de&#8220; url_new_window=&#8220;on&#8220; button_text=&#8220;ADG Apotheken-Dienstleistungsgesellschaft mbH&#8220; _builder_version=&#8220;4.7.3&#8243; custom_button=&#8220;on&#8220; button_text_size=&#8220;14px&#8220; button_text_color=&#8220;rgba(1,77,183,0.7)&#8220; button_bg_color=&#8220;rgba(1,77,183,0.1)&#8220; button_border_width=&#8220;12px&#8220; button_border_color=&#8220;rgba(0,0,0,0)&#8220; button_border_radius=&#8220;100px&#8220; button_font=&#8220;Montserrat|700|||||||&#8220; button_use_icon=&#8220;off&#8220; background_layout=&#8220;dark&#8220; [&hellip;]<\/p>\n","protected":false},"author":1,"featured_media":0,"parent":0,"menu_order":0,"comment_status":"closed","ping_status":"closed","template":"","meta":{"_et_pb_use_builder":"on","_et_pb_old_content":"<!-- wp:heading -->\n<h2>ADG-Apothekendienstleistungsgesellschaft mbH<\/h2>\n<!-- \/wp:heading -->\n\n<!-- wp:image {\"align\":\"right\",\"id\":713,\"width\":172,\"height\":108,\"sizeSlug\":\"full\",\"linkDestination\":\"none\"} -->\n<figure class=\"wp-block-image alignright size-full is-resized\"><img src=\"https:\/\/portal.adas.de\/home\/wp-content\/uploads\/2023\/02\/grafik-1.png\" alt=\"\" class=\"wp-image-713\" width=\"172\" height=\"108\"\/><\/figure>\n<!-- \/wp:image -->\n\n<!-- wp:paragraph -->\n<p>Das Unternehmen ADG Apotheken-Dienstleistungsgesellschaft mbH, als Teil der PHOENIX group, entwickelt und vertreibt innovative IT-L\u00f6sungen f\u00fcr Apotheken. Die PHOENIX group ist f\u00fchrender Pharmah\u00e4ndler in Europa und in den Bereichen Gro\u00dfhandel, Einzelhandel und Pharma Services t\u00e4tig. Die ADG betreibt zurzeit 23 Niederlassungen mit \u00fcber 400 Mitarbeitern in Deutschland. Mit mehr als 4.700 Kunden ist das Unternehmen der zweitgr\u00f6\u00dfte Anbieter von Warenwirtschaftssystemen im Apothekenmarkt. Gemeinsam mit dem Tochterunternehmen JDM Innovation GmbH setzt die ADG in der gesamten Apothekenbranche Ma\u00dfst\u00e4be in der Entwicklung von Warenwirtschafts-, Kassen- und Managementsystemen. <a href=\"http:\/\/www.adg.de\/\">www.adg.de<\/a><\/p>\n<!-- \/wp:paragraph -->\n\n<!-- wp:heading -->\n<h2>AD Apotheken Datenverarbeitung GmbH &amp; Co. KG<\/h2>\n<!-- \/wp:heading -->\n\n<!-- wp:image {\"align\":\"right\",\"id\":712,\"sizeSlug\":\"full\",\"linkDestination\":\"none\"} -->\n<figure class=\"wp-block-image alignright size-full\"><img src=\"https:\/\/portal.adas.de\/home\/wp-content\/uploads\/2023\/02\/grafik.png\" alt=\"\" class=\"wp-image-712\"\/><\/figure>\n<!-- \/wp:image -->\n\n<!-- wp:paragraph -->\n<p>Mit Erfahrung seit 1986 im EDV-, Software- und Dienstleistungsbereich ist ADV ein kompetenter Ansprechpartner f\u00fcr L\u00f6sungen in Apotheken, der Ihnen den Erfolg der selbst\u00e4ndigen Unternehmensf\u00fchrung Ihrer Apotheke(n) sichert. <a rel=\"noreferrer noopener\" href=\"http:\/\/www.apo-edv.de\" target=\"_blank\">www.apo-edv.de<\/a><\/p>\n<!-- \/wp:paragraph -->\n\n<!-- wp:heading -->\n<h2>awinta (Noventi Health SE)<\/h2>\n<!-- \/wp:heading -->\n\n<!-- wp:image {\"align\":\"right\",\"width\":298,\"height\":75} -->\n<figure class=\"wp-block-image alignright is-resized\"><img src=\"http:\/\/www.adas.de\/images\/image001.png\" alt=\"image001\" width=\"298\" height=\"75\"\/><\/figure>\n<!-- \/wp:image -->\n\n<!-- wp:paragraph -->\n<p>Mit rund 7.000 zu betreuenden Kunden ist die zur NOVENTI Health SE geh\u00f6rende awinta der Marktf\u00fchrer f\u00fcr Apothekensoftware im deutschen Gesundheitsmarkt. Das apothekereigene Unternehmen versetzt die Apotheken in die Lage, auch in Zukunft erfolgreich zu sein. Das Produkt- und Dienstleistungsspektrum der awinta umfasst mehrere Produktlinien und er\u00f6ffnet Apotheken dadurch die M\u00f6glichkeit, ihre pharmazeutische Kompetenz und ihre unternehmerischen Potentiale entsprechend ihrer jeweilige Anforderungen optimal zur Geltung zu bringen. Das Unternehmen mit Hauptsitz in M\u00fcnchen geh\u00f6rt regelm\u00e4\u00dfig zu den Preistr\u00e4gern der wichtigsten Branchenauszeichnungen, darunter sechs Mal in Folge der Kooperationspreis in der Kategorie \u201eBester IT-Partner\u201c sowie die erneute Auszeichnung als Apotheken-Favorit auf der expopharm 2018. Auch \u00fcbergreifende Auszeichnungen, unter anderem des FOCUS, wie \u201eBeste Arbeitgeber Deutschlands\u201c best\u00e4tigen den Erfolg des Unternehmens. awinta ist eine Marke der NOVENTI Health SE<br>\u00a0<a href=\"http:\/\/www.awinta.de\/\">www.awinta.de<\/a><\/p>\n<!-- \/wp:paragraph -->\n\n<!-- wp:heading -->\n<h2>CIDA Computerleistungen f\u00fcr Apotheken GmbH<\/h2>\n<!-- \/wp:heading -->\n\n<!-- wp:image {\"align\":\"right\",\"id\":720,\"sizeSlug\":\"full\",\"linkDestination\":\"none\"} -->\n<figure class=\"wp-block-image alignright size-full\"><img src=\"https:\/\/portal.adas.de\/home\/wp-content\/uploads\/2023\/02\/grafik-5.png\" alt=\"\" class=\"wp-image-720\"\/><\/figure>\n<!-- \/wp:image -->\n\n<!-- wp:paragraph {\"align\":\"left\"} -->\n<p class=\"has-text-align-left\">CIDA wurde 1982 gegr\u00fcndet und ist eine 100%ige Tochtergesellschaft der Apotheken-Rechen-Zentrum GmbH, Darmstadt. Die Apothekensoftware CIDAnova-Plus wird vollst\u00e4ndig in\u00a0Deutschland in Zusammenarbeit von Apothekern und IT-Spezialisten entwickelt und erf\u00fcllt alle Anforderungen an ein zukunftsweisendes Kassen- und Warenwirtschaftssystem.\u00a0Speziell die Oracle-Datenbank sorgt f\u00fcr eine hohe Performance des Systems. Mit einer Vielzahl optionaler Module \u2013 zum Beispiel Botendienst und\u00a0automatische Lageroptimierung \u2013 kann CIDAnova-Plus individuell an die Anforderungen der Apotheke angepasst werden. <a rel=\"noreferrer noopener\" href=\"http:\/\/www.cida.de\" target=\"_blank\">www.cida.de<\/a><\/p>\n<!-- \/wp:paragraph -->\n\n<!-- wp:paragraph -->\n<p><\/p>\n<!-- \/wp:paragraph -->\n\n<!-- wp:heading -->\n<h2>LAUER-FISCHER GmbH<\/h2>\n<!-- \/wp:heading -->\n\n<!-- wp:image {\"align\":\"right\",\"id\":714,\"width\":151,\"height\":77,\"sizeSlug\":\"full\",\"linkDestination\":\"none\"} -->\n<figure class=\"wp-block-image alignright size-full is-resized\"><img src=\"https:\/\/portal.adas.de\/home\/wp-content\/uploads\/2023\/02\/grafik-2.png\" alt=\"\" class=\"wp-image-714\" width=\"151\" height=\"77\"\/><\/figure>\n<!-- \/wp:image -->\n\n<!-- wp:paragraph -->\n<p>Seit 1950 steht die Lauer-Taxe als Synonym f\u00fcr Arzneimittelinformation. Heute entwickelt LAUER-FISCHER als innovativer L\u00f6sungspartner der aktiven, unabh\u00e4ngigen Apotheke systemintegrierende EDV-Plattformen. Mit der WINAPO\u00ae-Reihe werden komplette, moderne Warenwirtschaftssysteme mit umfangreichen Zusatzmodulen angeboten. Die \u00fcber 7.000 Kunden werden bundesweit an 16 Standorten betreut.<br><a rel=\"noreferrer noopener\" href=\"http:\/\/www.lauer-fischer.de\" target=\"_blank\">www.lauer-fischer.de<\/a><\/p>\n<!-- \/wp:paragraph -->\n\n<!-- wp:heading -->\n<h2>OPTIPHARM Plus GmbH<\/h2>\n<!-- \/wp:heading -->\n\n<!-- wp:image {\"align\":\"right\",\"id\":719,\"sizeSlug\":\"full\",\"linkDestination\":\"none\"} -->\n<figure class=\"wp-block-image alignright size-full\"><img src=\"https:\/\/portal.adas.de\/home\/wp-content\/uploads\/2023\/02\/grafik-4.png\" alt=\"\" class=\"wp-image-719\"\/><\/figure>\n<!-- \/wp:image -->\n\n<!-- wp:paragraph -->\n<p>Optipharm ist als Apotheken-EDV-Anbieter gepr\u00e4gt durch die pharmazeutischen Wurzeln der Unternehmensgr\u00fcnder und durch die Leidenschaft, komplizierte Vorg\u00e4nge ganz einfach zu machen. Das Markenzeichen \u2013 die Doppelscannerkasse \u2013 begleitet Optipharm seit der ersten Stunde und blieb \u00fcber den gesamten Zeitraum origin\u00e4res Produkt des Unternehmens. <a rel=\"noreferrer noopener\" href=\"http:\/\/www.optipharm.de\" target=\"_blank\">www.optipharm.de<\/a><\/p>\n<!-- \/wp:paragraph -->\n\n<!-- wp:paragraph -->\n<p><\/p>\n<!-- \/wp:paragraph -->\n\n<!-- wp:heading -->\n<h2>PHARMATECHNIK GmbH &amp; Co. KG<\/h2>\n<!-- \/wp:heading -->\n\n<!-- wp:image {\"align\":\"right\",\"id\":725,\"sizeSlug\":\"full\",\"linkDestination\":\"none\"} -->\n<figure class=\"wp-block-image alignright size-full\"><img src=\"https:\/\/portal.adas.de\/home\/wp-content\/uploads\/2023\/02\/grafik-8.png\" alt=\"\" class=\"wp-image-725\"\/><\/figure>\n<!-- \/wp:image -->\n\n<!-- wp:paragraph {\"align\":\"left\"} -->\n<p class=\"has-text-align-left\">PHARMATECHNIK steht seit \u00fcber 40 Jahren f\u00fcr bahnbrechende Software-L\u00f6sungen im Gesundheitswesen. Mit einem Service, der einzigartig ist: 650 Mitarbeiter sind an 14 Gesch\u00e4ftsstellen bundesweit im Einsatz und k\u00fcmmern sich mit Leidenschaft um den Erfolg von rund 7.000 Kunden in den Bereichen Apotheken- und Arztpraxismanagement. Unabh\u00e4ngigkeit von Pharmaindustrie, Gro\u00dfhandel, Rechenzentren und anderen Konzerninteressen bedeutet Flexibilit\u00e4t und optimale Datensicherheit f\u00fcr die Kunden.<br><a rel=\"noreferrer noopener\" href=\"http:\/\/www.pharmatechnik.de\" target=\"_blank\">www.pharmatechnik.de<\/a><\/p>\n<!-- \/wp:paragraph -->\n\n<!-- wp:heading -->\n<h2>PRISMA Datensysteme GmbH<\/h2>\n<!-- \/wp:heading -->\n\n<!-- wp:image {\"align\":\"right\",\"id\":726,\"sizeSlug\":\"full\",\"linkDestination\":\"none\"} -->\n<figure class=\"wp-block-image alignright size-full\"><img src=\"https:\/\/portal.adas.de\/home\/wp-content\/uploads\/2023\/02\/grafik-9.png\" alt=\"\" class=\"wp-image-726\"\/><\/figure>\n<!-- \/wp:image -->\n\n<!-- wp:paragraph -->\n<p>PRISMA ist ein Dienstleistungsunternehmen rund um die EDV. Das Unternehmen wurde im Jahr 1988 gegr\u00fcndet. Die damals geschaffenen Unternehmensbereiche Softwareentwicklung (vornehmlich das Warenwirtschaftssystem f\u00fcr Apotheken und andere kommerzielle Anwendungen), Technik + Service (Schwerpunkt Netzwerktechnik) sowie die EDV-Unternehmensberatung haben sich seit der Gr\u00fcndung erfolgreich entwickelt und in den entsprechenden Marktsegmenten erfolgreich platziert. <a rel=\"noreferrer noopener\" href=\"http:\/\/www.aposoft.de\" target=\"_blank\">www.aposoft.de<\/a><\/p>\n<!-- \/wp:paragraph -->","_et_gb_content_width":"","footnotes":""},"class_list":["post-1003","page","type-page","status-publish","hentry"],"_links":{"self":[{"href":"https:\/\/portal.adas.de\/home\/index.php\/wp-json\/wp\/v2\/pages\/1003","targetHints":{"allow":["GET"]}}],"collection":[{"href":"https:\/\/portal.adas.de\/home\/index.php\/wp-json\/wp\/v2\/pages"}],"about":[{"href":"https:\/\/portal.adas.de\/home\/index.php\/wp-json\/wp\/v2\/types\/page"}],"author":[{"embeddable":true,"href":"https:\/\/portal.adas.de\/home\/index.php\/wp-json\/wp\/v2\/users\/1"}],"replies":[{"embeddable":true,"href":"https:\/\/portal.adas.de\/home\/index.php\/wp-json\/wp\/v2\/comments?post=1003"}],"version-history":[{"count":17,"href":"https:\/\/portal.adas.de\/home\/index.php\/wp-json\/wp\/v2\/pages\/1003\/revisions"}],"predecessor-version":[{"id":1234,"href":"https:\/\/portal.adas.de\/home\/index.php\/wp-json\/wp\/v2\/pages\/1003\/revisions\/1234"}],"wp:attachment":[{"href":"https:\/\/portal.adas.de\/home\/index.php\/wp-json\/wp\/v2\/media?parent=1003"}],"curies":[{"name":"wp","href":"https:\/\/api.w.org\/{rel}","templated":true}]}}