{"id":1108,"date":"2024-09-12T16:48:01","date_gmt":"2024-09-12T14:48:01","guid":{"rendered":"https:\/\/portal.adas.de\/home\/?page_id=1108"},"modified":"2026-04-09T10:14:20","modified_gmt":"2026-04-09T08:14:20","slug":"schnittstelle-apo-ti-apotheke-rechenzentrum","status":"publish","type":"page","link":"https:\/\/portal.adas.de\/home\/index.php\/schnittstelle-apo-ti-apotheke-rechenzentrum\/","title":{"rendered":"Schnittstelle ApoTI (Apotheke &#8211; Rechenzentrum)"},"content":{"rendered":"<p>[et_pb_section fb_built=&#8220;1&#8243; _builder_version=&#8220;4.7.3&#8243; _module_preset=&#8220;default&#8220;][et_pb_row _builder_version=&#8220;4.7.3&#8243; _module_preset=&#8220;default&#8220;][et_pb_column type=&#8220;4_4&#8243; _builder_version=&#8220;4.7.3&#8243; _module_preset=&#8220;default&#8220;][et_pb_image src=&#8220;https:\/\/portal.adas.de\/home\/wp-content\/uploads\/2019\/04\/Offizin_950X160.png&#8220; title_text=&#8220;Offizin_950X160&#8243; _builder_version=&#8220;4.7.3&#8243; _module_preset=&#8220;default&#8220;][\/et_pb_image][et_pb_post_title _builder_version=&#8220;4.7.3&#8243; _module_preset=&#8220;default&#8220;][\/et_pb_post_title][\/et_pb_column][\/et_pb_row][et_pb_row column_structure=&#8220;2_3,1_3&#8243; _builder_version=&#8220;4.7.3&#8243; _module_preset=&#8220;default&#8220;][et_pb_column type=&#8220;2_3&#8243; _builder_version=&#8220;4.7.3&#8243; _module_preset=&#8220;default&#8220;][et_pb_text _builder_version=&#8220;4.7.3&#8243; _module_preset=&#8220;default&#8220;]Die Schnittstelle ApoTI bezeichnet die Sammlung aller Spezifikationsartefakte f\u00fcr Schnittstellen zwischen Wawi und Rechenzentrum. Die Schnittstelle wird zwischen ADAS und Rechenzentren erweitert und abgestimmt.<\/p>\n<p style=\"text-align: justify;\"><span style=\"font-size: 14px;\">Mit Hilfe dieser Schnittstelle kann eine Apothekenwarenwirtschaft Papier- als auch E-Rezepte an ein Apothekenrechenzentrum zur Pr\u00fcfung und sp\u00e4teren Abrechnung \u00fcbertragen.<\/span><\/p>\n<p>F\u00fcr diese Schnittstelle wird vom ADAS eine zentrale Liste von Ansprechpartnern f\u00fcr bilaterale ApoTI Rueckfragen aller umsetzenden Softwareh\u00e4user auf Client und Serverseite gepflegt.<br \/>\nF\u00fcr Zugangsdaten zur Ansprechpartnerliste oder zur Aktualisierung Ihres Zertifikates hier melden:<\/p>\n<p><img decoding=\"async\" src=\"https:\/\/portal.adas.de\/home\/wp-content\/uploads\/2025\/01\/apoti-1.png\" \/>[\/et_pb_text][\/et_pb_column][et_pb_column type=&#8220;1_3&#8243; _builder_version=&#8220;4.7.3&#8243; _module_preset=&#8220;default&#8220;][et_pb_blurb title=&#8220;Apo-TI&#8220; _builder_version=&#8220;4.7.3&#8243; _module_preset=&#8220;default&#8220; hover_enabled=&#8220;0&#8243; sticky_enabled=&#8220;0&#8243;]<\/p>\n<p>Hier erhalten Sie weitere Dokumente und Spezifikationen zum Download:<\/p>\n<p><a href=\"https:\/\/adasev.sharepoint.com\/:u:\/s\/ADAS-BundesverbandDeutscherApothekensoftwarehusere.V\/EcEALndFfidNh_yYTvDXCv8BDo1VYPl-U7epnrX280PglQ?download=1\">Implementierungsleitfaden_APOTI_0.9.3.zip<\/a><\/p>\n<p><a href=\"https:\/\/adasev.sharepoint.com\/:u:\/s\/ADAS-BundesverbandDeutscherApothekensoftwarehusere.V\/EV1H80niUCBPtvsAm7po8vIBlx601XGGe399Yvo_iBo8fw?download=1\">Zertifikate_APOTI.zip<\/a> (Stand 18.03.2026)<\/p>\n<p>[\/et_pb_blurb][\/et_pb_column][\/et_pb_row][\/et_pb_section]<\/p>\n","protected":false},"excerpt":{"rendered":"<p>[et_pb_section fb_built=&#8220;1&#8243; _builder_version=&#8220;4.7.3&#8243; _module_preset=&#8220;default&#8220;][et_pb_row _builder_version=&#8220;4.7.3&#8243; _module_preset=&#8220;default&#8220;][et_pb_column type=&#8220;4_4&#8243; _builder_version=&#8220;4.7.3&#8243; _module_preset=&#8220;default&#8220;][et_pb_image src=&#8220;https:\/\/portal.adas.de\/home\/wp-content\/uploads\/2019\/04\/Offizin_950X160.png&#8220; title_text=&#8220;Offizin_950X160&#8243; _builder_version=&#8220;4.7.3&#8243; _module_preset=&#8220;default&#8220;][\/et_pb_image][et_pb_post_title _builder_version=&#8220;4.7.3&#8243; _module_preset=&#8220;default&#8220;][\/et_pb_post_title][\/et_pb_column][\/et_pb_row][et_pb_row column_structure=&#8220;2_3,1_3&#8243; _builder_version=&#8220;4.7.3&#8243; _module_preset=&#8220;default&#8220;][et_pb_column type=&#8220;2_3&#8243; _builder_version=&#8220;4.7.3&#8243; _module_preset=&#8220;default&#8220;][et_pb_text _builder_version=&#8220;4.7.3&#8243; _module_preset=&#8220;default&#8220;]Die Schnittstelle ApoTI bezeichnet die Sammlung aller Spezifikationsartefakte f\u00fcr Schnittstellen zwischen Wawi und Rechenzentrum. Die Schnittstelle wird zwischen ADAS und Rechenzentren erweitert und abgestimmt. Mit Hilfe dieser Schnittstelle kann eine Apothekenwarenwirtschaft Papier- als [&hellip;]<\/p>\n","protected":false},"author":6,"featured_media":0,"parent":0,"menu_order":0,"comment_status":"closed","ping_status":"closed","template":"","meta":{"_et_pb_use_builder":"on","_et_pb_old_content":"","_et_gb_content_width":"","footnotes":""},"class_list":["post-1108","page","type-page","status-publish","hentry"],"_links":{"self":[{"href":"https:\/\/portal.adas.de\/home\/index.php\/wp-json\/wp\/v2\/pages\/1108","targetHints":{"allow":["GET"]}}],"collection":[{"href":"https:\/\/portal.adas.de\/home\/index.php\/wp-json\/wp\/v2\/pages"}],"about":[{"href":"https:\/\/portal.adas.de\/home\/index.php\/wp-json\/wp\/v2\/types\/page"}],"author":[{"embeddable":true,"href":"https:\/\/portal.adas.de\/home\/index.php\/wp-json\/wp\/v2\/users\/6"}],"replies":[{"embeddable":true,"href":"https:\/\/portal.adas.de\/home\/index.php\/wp-json\/wp\/v2\/comments?post=1108"}],"version-history":[{"count":22,"href":"https:\/\/portal.adas.de\/home\/index.php\/wp-json\/wp\/v2\/pages\/1108\/revisions"}],"predecessor-version":[{"id":1231,"href":"https:\/\/portal.adas.de\/home\/index.php\/wp-json\/wp\/v2\/pages\/1108\/revisions\/1231"}],"wp:attachment":[{"href":"https:\/\/portal.adas.de\/home\/index.php\/wp-json\/wp\/v2\/media?parent=1108"}],"curies":[{"name":"wp","href":"https:\/\/api.w.org\/{rel}","templated":true}]}}