{"id":37,"date":"2019-03-27T14:28:50","date_gmt":"2019-03-27T13:28:50","guid":{"rendered":"http:\/\/portal.adas.de\/home\/?page_id=37"},"modified":"2025-03-10T13:25:22","modified_gmt":"2025-03-10T12:25:22","slug":"37-2","status":"publish","type":"page","link":"https:\/\/portal.adas.de\/home\/","title":{"rendered":"Startseite"},"content":{"rendered":"<p>[et_pb_section fb_built=&#8220;1&#8243; fullwidth=&#8220;on&#8220; _builder_version=&#8220;3.22&#8243;][\/et_pb_section][et_pb_section fb_built=&#8220;1&#8243; fullwidth=&#8220;on&#8220; _builder_version=&#8220;4.7.1&#8243; background_color=&#8220;rgba(40,40,40,0.02)&#8220; background_image=&#8220;https:\/\/portal.adas.de\/home\/wp-content\/uploads\/2019\/04\/Offizin_schmal.png&#8220; custom_padding=&#8220;0px|0px|0|0|false|false&#8220;][et_pb_fullwidth_slider _builder_version=&#8220;4.7.3&#8243; _dynamic_attributes=&#8220;link_option_url&#8220; header_font=&#8220;||||||||&#8220; body_font=&#8220;|600|||||||&#8220; body_text_align=&#8220;left&#8220; body_font_size=&#8220;10px&#8220; body_line_height=&#8220;1em&#8220; background_color=&#8220;rgba(40,40,40,0.01)&#8220; text_orientation=&#8220;left&#8220; max_width=&#8220;50%&#8220; custom_margin=&#8220;0px||&#8220; link_option_url=&#8220;@ET-DC@eyJkeW5hbWljIjp0cnVlLCJjb250ZW50IjoicG9zdF9saW5rX3VybF9wYWdlIiwic2V0dGluZ3MiOnsicG9zdF9pZCI6IjEwNjUifX0=@&#8220; border_color_all=&#8220;rgba(0,0,0,0)&#8220;][et_pb_slide button_text=&#8220;Mehr erfahren &#8230;&#8220; button_link=&#8220;@ET-DC@eyJkeW5hbWljIjp0cnVlLCJjb250ZW50IjoicG9zdF9saW5rX3VybF9wYWdlIiwic2V0dGluZ3MiOnsicG9zdF9pZCI6IjQyNCJ9fQ==@&#8220; use_bg_overlay=&#8220;on&#8220; bg_overlay_color=&#8220;rgba(0,0,0,0.11)&#8220; use_text_overlay=&#8220;on&#8220; text_overlay_color=&#8220;rgba(255,255,255,0.77)&#8220; image_alt=&#8220;Alternativer Bildtext&#8220; text_border_radius=&#8220;5px&#8220; _builder_version=&#8220;4.7.3&#8243; _dynamic_attributes=&#8220;button_link&#8220; header_level=&#8220;h2&#8243; header_font=&#8220;|600|||||||&#8220; header_text_align=&#8220;left&#8220; header_text_color=&#8220;#000000&#8243; header_font_size=&#8220;40px&#8220; body_font=&#8220;||||||||&#8220; body_text_align=&#8220;left&#8220; body_text_color=&#8220;#0c71c3&#8243; body_font_size=&#8220;21px&#8220; body_line_height=&#8220;1.1em&#8220; background_color=&#8220;rgba(255,255,255,0.2)&#8220; custom_button=&#8220;on&#8220; button_text_size=&#8220;17px&#8220; button_bg_color=&#8220;#0c71c3&#8243; button_border_color=&#8220;#0c71c3&#8243; button_border_radius=&#8220;5px&#8220; button_letter_spacing=&#8220;0px&#8220; button_font=&#8220;||||||||&#8220; button_use_icon=&#8220;on&#8220; button_icon=&#8220;%%20%%&#8220; button_icon_color=&#8220;#ffffff&#8220; button_on_hover=&#8220;off&#8220; button_alignment=&#8220;right&#8220; button_rel=&#8220;off|off|off|off|off&#8220; text_orientation=&#8220;left&#8220; custom_padding=&#8220;|||0px&#8220; filter_brightness=&#8220;101%&#8220; sticky_transition=&#8220;on&#8220;]<\/p>\n<table style=\"border-color: transparent; float: left;\">\n<tbody>\n<tr>\n<td><img loading=\"lazy\" decoding=\"async\" width=\"100\" height=\"100\" class=\"wp-image-138 alignnone size-full\" alt=\"\" src=\"http:\/\/portal.adas.de\/home\/wp-content\/uploads\/2019\/04\/ADAS_logo_freigestellt-11.png\" \/><\/td>\n<td style=\"vertical-align: bottom;\"><strong><span style=\"color: #ff0000;\">BUNDESVERBAND<\/span><\/strong><br \/> Deutscher Apotheken-<br \/> Softwareh\u00e4user e. V.<\/td>\n<\/tr>\n<\/tbody>\n<\/table>\n<p>&nbsp;<\/p>\n<p>[\/et_pb_slide][\/et_pb_fullwidth_slider][\/et_pb_section][et_pb_section fb_built=&#8220;1&#8243; _builder_version=&#8220;4.7.0&#8243; background_image=&#8220;https:\/\/portal.adas.de\/home\/wp-content\/uploads\/2019\/03\/coding-dots.png&#8220; background_repeat=&#8220;repeat&#8220; custom_padding=&#8220;4px|0px|1px|0px|false|false&#8220; bottom_divider_color=&#8220;rgba(0,0,0,0.29)&#8220;][et_pb_row column_structure=&#8220;1_3,1_3,1_3&#8243; use_custom_gutter=&#8220;on&#8220; gutter_width=&#8220;2&#8243; admin_label=&#8220;Features&#8220; _builder_version=&#8220;3.25&#8243; custom_margin=&#8220;30px|||&#8220; custom_padding=&#8220;30.32px|0|29px|0px|false|false&#8220; custom_width_px=&#8220;807px&#8220; saved_tabs=&#8220;all&#8220;][et_pb_column type=&#8220;1_3&#8243; _builder_version=&#8220;3.25&#8243; custom_padding=&#8220;|||&#8220; custom_padding__hover=&#8220;|||&#8220;][et_pb_blurb title=&#8220;Mitgliederversammlung 2025&#8243; image=&#8220;https:\/\/portal.adas.de\/home\/wp-content\/uploads\/2019\/04\/contract.png&#8220; icon_placement=&#8220;left&#8220; image_max_width=&#8220;70px&#8220; content_max_width=&#8220;1100px&#8220; _builder_version=&#8220;4.7.3&#8243; header_font=&#8220;Montserrat|600|||||||&#8220; header_line_height=&#8220;1.5em&#8220; body_font=&#8220;Montserrat||||||||&#8220; body_line_height=&#8220;1.8em&#8220; custom_margin=&#8220;||12px|&#8220; hover_enabled=&#8220;0&#8243; sticky_enabled=&#8220;0&#8243;]<\/p>\n<p>Anl\u00e4sslich der j\u00e4hrlichen Mitgliederversammmlung wurde der Vorstand best\u00e4tigt &#8230;.<\/p>\n<p>[\/et_pb_blurb][et_pb_text _builder_version=&#8220;4.7.3&#8243; _dynamic_attributes=&#8220;link_option_url&#8220; text_font=&#8220;Montserrat||||||||&#8220; text_text_color=&#8220;#000000&#8243; text_line_height=&#8220;1.5em&#8220; link_font=&#8220;|700||on|on|||#24d9e2|solid&#8220; link_text_color=&#8220;#ffffff&#8220; link_font_size=&#8220;12px&#8220; link_letter_spacing=&#8220;2px&#8220; header_font=&#8220;||||||||&#8220; custom_margin=&#8220;|||86px&#8220; link_option_url=&#8220;@ET-DC@eyJkeW5hbWljIjp0cnVlLCJjb250ZW50IjoicG9zdF9saW5rX3VybF9wb3N0Iiwic2V0dGluZ3MiOnsicG9zdF9pZCI6IjEyMDUifX0=@&#8220; hover_enabled=&#8220;0&#8243; sticky_enabled=&#8220;0&#8243;]<\/p>\n<p><span style=\"text-decoration: underline;\">M e h r\u00a0 E r f a h r e n\u00a0 . . .<\/span><\/p>\n<p>[\/et_pb_text][\/et_pb_column][et_pb_column type=&#8220;1_3&#8243; _builder_version=&#8220;3.25&#8243; custom_padding=&#8220;|||&#8220; custom_padding__hover=&#8220;|||&#8220;][et_pb_blurb title=&#8220;Laufende Projekte&#8220; image=&#8220;https:\/\/portal.adas.de\/home\/wp-content\/uploads\/2019\/04\/chart_gantt.png&#8220; icon_placement=&#8220;left&#8220; image_max_width=&#8220;70px&#8220; content_max_width=&#8220;1100px&#8220; _builder_version=&#8220;4.7.3&#8243; header_font=&#8220;Montserrat|600|||||||&#8220; header_line_height=&#8220;1.5em&#8220; body_font=&#8220;Montserrat||||||||&#8220; body_line_height=&#8220;1.8em&#8220; custom_margin=&#8220;||12px|&#8220;]<\/p>\n<p>Ob in der Umsetzung gesetzlicher Anforderungen oder Standardisierung technischer Schnittstellen, begleitet der ADAS \u00fcbergreifende Projekte des Apothekenwesen &#8230;<\/p>\n<p>[\/et_pb_blurb][et_pb_text _builder_version=&#8220;4.7.3&#8243; _dynamic_attributes=&#8220;link_option_url&#8220; text_font=&#8220;Montserrat||||||||&#8220; text_line_height=&#8220;1.5em&#8220; link_font=&#8220;|700||on|on|||#24d9e2|solid&#8220; link_text_color=&#8220;#ffffff&#8220; link_font_size=&#8220;12px&#8220; link_letter_spacing=&#8220;2px&#8220; custom_margin=&#8220;|||86px&#8220; link_option_url=&#8220;@ET-DC@eyJkeW5hbWljIjp0cnVlLCJjb250ZW50IjoicG9zdF9saW5rX3VybF9wYWdlIiwic2V0dGluZ3MiOnsicG9zdF9pZCI6IjEwNjUifX0=@&#8220; locked=&#8220;off&#8220;]<\/p>\n<p><span style=\"text-decoration: underline;\">M e h r\u00a0 \u00a0E r f a h r e n\u00a0 . . .<\/span><\/p>\n<p>[\/et_pb_text][\/et_pb_column][et_pb_column type=&#8220;1_3&#8243; _builder_version=&#8220;3.25&#8243; custom_padding=&#8220;|||&#8220; custom_padding__hover=&#8220;|||&#8220;][et_pb_blurb title=&#8220;\u00dcber uns&#8220; image=&#8220;https:\/\/portal.adas.de\/home\/wp-content\/uploads\/2019\/04\/users_relation.png&#8220; icon_placement=&#8220;left&#8220; image_max_width=&#8220;70px&#8220; content_max_width=&#8220;1100px&#8220; _builder_version=&#8220;4.7.3&#8243; header_font=&#8220;Montserrat|600|||||||&#8220; header_line_height=&#8220;1.5em&#8220; body_font=&#8220;Montserrat||||||||&#8220; body_line_height=&#8220;1.8em&#8220; custom_margin=&#8220;||12px|&#8220;]<\/p>\n<p>Die Mitgliedsunternehmen des ADAS\u00a0<span>versorgen und betreuen die deutschen Apotheken mit modernen Apotheken-EDV-Systemen<\/span><\/p>\n<p>[\/et_pb_blurb][et_pb_text _builder_version=&#8220;4.7.3&#8243; _dynamic_attributes=&#8220;link_option_url&#8220; text_font=&#8220;Montserrat||||||||&#8220; text_line_height=&#8220;1.5em&#8220; link_font=&#8220;|700||on|on|||#24d9e2|solid&#8220; link_text_color=&#8220;#ffffff&#8220; link_font_size=&#8220;12px&#8220; link_letter_spacing=&#8220;2px&#8220; custom_margin=&#8220;|||86px&#8220; link_option_url=&#8220;@ET-DC@eyJkeW5hbWljIjp0cnVlLCJjb250ZW50IjoicG9zdF9saW5rX3VybF9wYWdlIiwic2V0dGluZ3MiOnsicG9zdF9pZCI6IjQyNCJ9fQ==@&#8220; locked=&#8220;off&#8220;]<\/p>\n<p><span style=\"text-decoration: underline;\">M e h r\u00a0 E r f a h r e n\u00a0 . . .<\/span><\/p>\n<p>[\/et_pb_text][\/et_pb_column][\/et_pb_row][\/et_pb_section][et_pb_section fb_built=&#8220;1&#8243; custom_padding_last_edited=&#8220;on|tablet&#8220; prev_background_color=&#8220;#ffffff&#8220; next_background_color=&#8220;#ffffff&#8220; admin_label=&#8220;Hero&#8220; _builder_version=&#8220;4.7.3&#8243; use_background_color_gradient=&#8220;on&#8220; background_color_gradient_start=&#8220;rgba(0,0,0,0.17)&#8220; background_color_gradient_end=&#8220;rgba(0,0,0,0.5)&#8220; background_color_gradient_type=&#8220;radial&#8220; background_color_gradient_direction_radial=&#8220;top right&#8220; background_color_gradient_start_position=&#8220;20%&#8220; background_color_gradient_overlays_image=&#8220;on&#8220; custom_padding=&#8220;112px|0px|0|0px|false|false&#8220; custom_padding_tablet=&#8220;50px||50px||true&#8220; custom_padding_phone=&#8220;|||&#8220; top_divider_style=&#8220;asymmetric2&#8243; bottom_divider_style=&#8220;asymmetric&#8220; bottom_divider_height=&#8220;50px&#8220; bottom_divider_flip=&#8220;horizontal&#8220; bottom_divider_height_tablet=&#8220;90px&#8220; bottom_divider_height_phone=&#8220;80px&#8220;][et_pb_row column_structure=&#8220;1_4,3_4&#8243; _builder_version=&#8220;3.25&#8243; custom_padding=&#8220;0|0px|13px|0px|false|false&#8220;][et_pb_column type=&#8220;1_4&#8243; _builder_version=&#8220;3.25&#8243; custom_padding=&#8220;|||&#8220; custom_padding__hover=&#8220;|||&#8220;][et_pb_text _builder_version=&#8220;3.27.4&#8243; text_font=&#8220;Montserrat|600|||||||&#8220; header_font=&#8220;Montserrat|600|||||||&#8220; background_layout=&#8220;dark&#8220;]<\/p>\n<h4><span style=\"color: #ffffff;\">Unsere Mitglieder<\/span><\/h4>\n<p>[\/et_pb_text][\/et_pb_column][et_pb_column type=&#8220;3_4&#8243; _builder_version=&#8220;3.25&#8243; custom_padding=&#8220;|||&#8220; custom_padding__hover=&#8220;|||&#8220;][\/et_pb_column][\/et_pb_row][et_pb_row column_structure=&#8220;1_6,1_6,1_6,1_6,1_6,1_6&#8243; _builder_version=&#8220;3.25&#8243; custom_padding=&#8220;0|0px|13px|0px|false|false&#8220;][et_pb_column type=&#8220;1_6&#8243; _builder_version=&#8220;3.25&#8243; custom_padding=&#8220;|||&#8220; custom_padding__hover=&#8220;|||&#8220;][et_pb_blurb title=&#8220;ADG Apotheken Dienstleistungs- Gesellschaft mbH&#8220; image=&#8220;https:\/\/portal.adas.de\/home\/wp-content\/uploads\/2024\/09\/ADG-Logo-2016-2.png&#8220; _builder_version=&#8220;4.7.3&#8243; header_font=&#8220;|600|||||||&#8220; header_text_align=&#8220;center&#8220; header_text_color=&#8220;#ffffff&#8220; header_font_size=&#8220;16px&#8220; header_line_height=&#8220;1.4em&#8220; background_layout=&#8220;dark&#8220; link_option_url=&#8220;www.adg.de&#8220; link_option_url_new_window=&#8220;on&#8220; border_radii_image=&#8220;on|6px|6px|6px|6px&#8220; box_shadow_style_image=&#8220;preset2&#8243; box_shadow_horizontal_image=&#8220;10px&#8220; box_shadow_vertical_image=&#8220;10px&#8220; box_shadow_blur_image=&#8220;30px&#8220;][\/et_pb_blurb][\/et_pb_column][et_pb_column type=&#8220;1_6&#8243; _builder_version=&#8220;3.25&#8243; custom_padding=&#8220;|||&#8220; custom_padding__hover=&#8220;|||&#8220;][et_pb_blurb title=&#8220;CIDA GmbH&#8220; image=&#8220;https:\/\/portal.adas.de\/home\/wp-content\/uploads\/2019\/04\/CIDA-1.png&#8220; _builder_version=&#8220;4.6.6&#8243; header_font=&#8220;|600|||||||&#8220; header_text_align=&#8220;center&#8220; header_text_color=&#8220;#ffffff&#8220; header_font_size=&#8220;16px&#8220; header_line_height=&#8220;1.4em&#8220; background_layout=&#8220;dark&#8220; link_option_url=&#8220;www.cida.de&#8220; link_option_url_new_window=&#8220;on&#8220; border_radii_image=&#8220;on|6px|6px|6px|6px&#8220; box_shadow_style_image=&#8220;preset2&#8243; box_shadow_horizontal_image=&#8220;10px&#8220; box_shadow_vertical_image=&#8220;10px&#8220; box_shadow_blur_image=&#8220;30px&#8220;][\/et_pb_blurb][\/et_pb_column][et_pb_column type=&#8220;1_6&#8243; _builder_version=&#8220;3.25&#8243; custom_padding=&#8220;|||&#8220; custom_padding__hover=&#8220;|||&#8220;][et_pb_blurb title=&#8220;Lauer Fischer GmbH&#8220; image=&#8220;https:\/\/portal.adas.de\/home\/wp-content\/uploads\/2024\/11\/CGM_LAUER.jpg&#8220; _builder_version=&#8220;4.7.3&#8243; header_font=&#8220;|600|||||||&#8220; header_text_align=&#8220;center&#8220; header_text_color=&#8220;#ffffff&#8220; header_font_size=&#8220;16px&#8220; header_line_height=&#8220;1.4em&#8220; background_layout=&#8220;dark&#8220; link_option_url=&#8220;www.lauer-fischer.de&#8220; link_option_url_new_window=&#8220;on&#8220; border_radii_image=&#8220;on|6px|6px|6px|6px&#8220; box_shadow_style_image=&#8220;preset2&#8243; box_shadow_horizontal_image=&#8220;10px&#8220; box_shadow_vertical_image=&#8220;10px&#8220; box_shadow_blur_image=&#8220;30px&#8220;][\/et_pb_blurb][\/et_pb_column][et_pb_column type=&#8220;1_6&#8243; _builder_version=&#8220;3.25&#8243; custom_padding=&#8220;|||&#8220; custom_padding__hover=&#8220;|||&#8220;][et_pb_blurb title=&#8220;Noventi Health SE&#8220; image=&#8220;https:\/\/portal.adas.de\/home\/wp-content\/uploads\/2024\/09\/noventi.png&#8220; _builder_version=&#8220;4.7.3&#8243; header_font=&#8220;|600|||||||&#8220; header_text_align=&#8220;center&#8220; header_text_color=&#8220;#ffffff&#8220; header_font_size=&#8220;16px&#8220; header_line_height=&#8220;1.4em&#8220; background_layout=&#8220;dark&#8220; link_option_url=&#8220;www.awinta.de&#8220; link_option_url_new_window=&#8220;on&#8220; border_radii_image=&#8220;on|6px|6px|6px|6px&#8220; box_shadow_style_image=&#8220;preset2&#8243; box_shadow_horizontal_image=&#8220;10px&#8220; box_shadow_vertical_image=&#8220;10px&#8220; box_shadow_blur_image=&#8220;30px&#8220;][\/et_pb_blurb][\/et_pb_column][et_pb_column type=&#8220;1_6&#8243; _builder_version=&#8220;3.25&#8243; custom_padding=&#8220;|||&#8220; custom_padding__hover=&#8220;|||&#8220;][et_pb_blurb title=&#8220;Optipharm Plus GmbH&#8220; image=&#8220;https:\/\/portal.adas.de\/home\/wp-content\/uploads\/2019\/04\/optipharm.png&#8220; _builder_version=&#8220;4.6.6&#8243; header_font=&#8220;|600|||||||&#8220; header_text_align=&#8220;center&#8220; header_text_color=&#8220;#ffffff&#8220; header_font_size=&#8220;16px&#8220; header_line_height=&#8220;1.4em&#8220; background_layout=&#8220;dark&#8220; link_option_url=&#8220;www.optipharm.de&#8220; link_option_url_new_window=&#8220;on&#8220; border_radii_image=&#8220;on|6px|6px|6px|6px&#8220; box_shadow_style_image=&#8220;preset2&#8243; box_shadow_horizontal_image=&#8220;10px&#8220; box_shadow_vertical_image=&#8220;10px&#8220; box_shadow_blur_image=&#8220;30px&#8220;][\/et_pb_blurb][\/et_pb_column][et_pb_column type=&#8220;1_6&#8243; _builder_version=&#8220;3.25&#8243; custom_padding=&#8220;|||&#8220; custom_padding__hover=&#8220;|||&#8220;][et_pb_blurb title=&#8220;PHARMAGEST Germany&#8220; image=&#8220;https:\/\/portal.adas.de\/home\/wp-content\/uploads\/2024\/10\/Pharmagest.png&#8220; _builder_version=&#8220;4.7.3&#8243; header_font=&#8220;|600|||||||&#8220; header_text_align=&#8220;center&#8220; header_text_color=&#8220;#ffffff&#8220; header_font_size=&#8220;16px&#8220; header_line_height=&#8220;1.4em&#8220; background_layout=&#8220;dark&#8220; link_option_url=&#8220;apo-edv.de&#8220; link_option_url_new_window=&#8220;on&#8220; border_radii_image=&#8220;on|6px|6px|6px|6px&#8220; box_shadow_style_image=&#8220;preset2&#8243; box_shadow_horizontal_image=&#8220;10px&#8220; box_shadow_vertical_image=&#8220;10px&#8220; box_shadow_blur_image=&#8220;30px&#8220;][\/et_pb_blurb][\/et_pb_column][\/et_pb_row][et_pb_row column_structure=&#8220;1_6,1_6,1_6,1_6,1_6,1_6&#8243; _builder_version=&#8220;3.25&#8243; custom_padding=&#8220;0|0px|34px|0px|false|false&#8220;][et_pb_column type=&#8220;1_6&#8243; _builder_version=&#8220;3.25&#8243; custom_padding=&#8220;|||&#8220; custom_padding__hover=&#8220;|||&#8220;][et_pb_blurb title=&#8220;Pharmatechnik GmbH &#038; Co. KG&#8220; image=&#8220;https:\/\/portal.adas.de\/home\/wp-content\/uploads\/2019\/04\/pharmatechnik.png&#8220; _builder_version=&#8220;4.6.6&#8243; header_font=&#8220;|600|||||||&#8220; header_text_align=&#8220;center&#8220; header_text_color=&#8220;#ffffff&#8220; header_font_size=&#8220;16px&#8220; header_line_height=&#8220;1.4em&#8220; background_layout=&#8220;dark&#8220; link_option_url=&#8220;www.pharmatechnik.de&#8220; link_option_url_new_window=&#8220;on&#8220; border_radii_image=&#8220;on|6px|6px|6px|6px&#8220; box_shadow_style_image=&#8220;preset2&#8243; box_shadow_horizontal_image=&#8220;10px&#8220; box_shadow_vertical_image=&#8220;10px&#8220; box_shadow_blur_image=&#8220;30px&#8220;][\/et_pb_blurb][\/et_pb_column][et_pb_column type=&#8220;1_6&#8243; _builder_version=&#8220;3.25&#8243; custom_padding=&#8220;|||&#8220; custom_padding__hover=&#8220;|||&#8220;][et_pb_blurb title=&#8220;PRISMA DATENSYSTEME GmbH&#8220; image=&#8220;https:\/\/portal.adas.de\/home\/wp-content\/uploads\/2019\/04\/prisma.png&#8220; _builder_version=&#8220;4.6.6&#8243; header_font=&#8220;|600|||||||&#8220; header_text_align=&#8220;center&#8220; header_text_color=&#8220;#ffffff&#8220; header_font_size=&#8220;16px&#8220; header_line_height=&#8220;1.4em&#8220; background_layout=&#8220;dark&#8220; link_option_url=&#8220;www.aposoft.de&#8220; link_option_url_new_window=&#8220;on&#8220; border_radii_image=&#8220;on|6px|6px|6px|6px&#8220; box_shadow_style_image=&#8220;preset2&#8243; box_shadow_horizontal_image=&#8220;10px&#8220; box_shadow_vertical_image=&#8220;10px&#8220; box_shadow_blur_image=&#8220;30px&#8220;][\/et_pb_blurb][\/et_pb_column][et_pb_column type=&#8220;1_6&#8243; _builder_version=&#8220;3.25&#8243; custom_padding=&#8220;|||&#8220; custom_padding__hover=&#8220;|||&#8220;][\/et_pb_column][et_pb_column type=&#8220;1_6&#8243; _builder_version=&#8220;3.25&#8243; custom_padding=&#8220;|||&#8220; custom_padding__hover=&#8220;|||&#8220;][\/et_pb_column][et_pb_column type=&#8220;1_6&#8243; _builder_version=&#8220;3.25&#8243; custom_padding=&#8220;|||&#8220; custom_padding__hover=&#8220;|||&#8220;][\/et_pb_column][et_pb_column type=&#8220;1_6&#8243; _builder_version=&#8220;3.25&#8243; custom_padding=&#8220;|||&#8220; custom_padding__hover=&#8220;|||&#8220;][\/et_pb_column][\/et_pb_row][\/et_pb_section]<\/p>\n","protected":false},"excerpt":{"rendered":"<p>[et_pb_section fb_built=&#8220;1&#8243; fullwidth=&#8220;on&#8220; _builder_version=&#8220;3.22&#8243;][\/et_pb_section][et_pb_section fb_built=&#8220;1&#8243; fullwidth=&#8220;on&#8220; _builder_version=&#8220;4.7.1&#8243; background_color=&#8220;rgba(40,40,40,0.02)&#8220; background_image=&#8220;https:\/\/portal.adas.de\/home\/wp-content\/uploads\/2019\/04\/Offizin_schmal.png&#8220; custom_padding=&#8220;0px|0px|0|0|false|false&#8220;][et_pb_fullwidth_slider _builder_version=&#8220;4.7.3&#8243; _dynamic_attributes=&#8220;link_option_url&#8220; header_font=&#8220;||||||||&#8220; body_font=&#8220;|600|||||||&#8220; body_text_align=&#8220;left&#8220; body_font_size=&#8220;10px&#8220; body_line_height=&#8220;1em&#8220; background_color=&#8220;rgba(40,40,40,0.01)&#8220; text_orientation=&#8220;left&#8220; max_width=&#8220;50%&#8220; custom_margin=&#8220;0px||&#8220; link_option_url=&#8220;@ET-DC@eyJkeW5hbWljIjp0cnVlLCJjb250ZW50IjoicG9zdF9saW5rX3VybF9wYWdlIiwic2V0dGluZ3MiOnsicG9zdF9pZCI6IjEwNjUifX0=@&#8220; border_color_all=&#8220;rgba(0,0,0,0)&#8220;][et_pb_slide button_text=&#8220;Mehr erfahren &#8230;&#8220; button_link=&#8220;@ET-DC@eyJkeW5hbWljIjp0cnVlLCJjb250ZW50IjoicG9zdF9saW5rX3VybF9wYWdlIiwic2V0dGluZ3MiOnsicG9zdF9pZCI6IjQyNCJ9fQ==@&#8220; use_bg_overlay=&#8220;on&#8220; bg_overlay_color=&#8220;rgba(0,0,0,0.11)&#8220; use_text_overlay=&#8220;on&#8220; text_overlay_color=&#8220;rgba(255,255,255,0.77)&#8220; image_alt=&#8220;Alternativer Bildtext&#8220; text_border_radius=&#8220;5px&#8220; _builder_version=&#8220;4.7.3&#8243; _dynamic_attributes=&#8220;button_link&#8220; header_level=&#8220;h2&#8243; header_font=&#8220;|600|||||||&#8220; header_text_align=&#8220;left&#8220; header_text_color=&#8220;#000000&#8243; header_font_size=&#8220;40px&#8220; body_font=&#8220;||||||||&#8220; body_text_align=&#8220;left&#8220; body_text_color=&#8220;#0c71c3&#8243; body_font_size=&#8220;21px&#8220; body_line_height=&#8220;1.1em&#8220; background_color=&#8220;rgba(255,255,255,0.2)&#8220; custom_button=&#8220;on&#8220; button_text_size=&#8220;17px&#8220; button_bg_color=&#8220;#0c71c3&#8243; button_border_color=&#8220;#0c71c3&#8243; button_border_radius=&#8220;5px&#8220; button_letter_spacing=&#8220;0px&#8220; button_font=&#8220;||||||||&#8220; button_use_icon=&#8220;on&#8220; [&hellip;]<\/p>\n","protected":false},"author":1,"featured_media":138,"parent":0,"menu_order":0,"comment_status":"closed","ping_status":"closed","template":"","meta":{"_et_pb_use_builder":"on","_et_pb_old_content":"","_et_gb_content_width":"","footnotes":""},"class_list":["post-37","page","type-page","status-publish","has-post-thumbnail","hentry"],"_links":{"self":[{"href":"https:\/\/portal.adas.de\/home\/index.php\/wp-json\/wp\/v2\/pages\/37","targetHints":{"allow":["GET"]}}],"collection":[{"href":"https:\/\/portal.adas.de\/home\/index.php\/wp-json\/wp\/v2\/pages"}],"about":[{"href":"https:\/\/portal.adas.de\/home\/index.php\/wp-json\/wp\/v2\/types\/page"}],"author":[{"embeddable":true,"href":"https:\/\/portal.adas.de\/home\/index.php\/wp-json\/wp\/v2\/users\/1"}],"replies":[{"embeddable":true,"href":"https:\/\/portal.adas.de\/home\/index.php\/wp-json\/wp\/v2\/comments?post=37"}],"version-history":[{"count":87,"href":"https:\/\/portal.adas.de\/home\/index.php\/wp-json\/wp\/v2\/pages\/37\/revisions"}],"predecessor-version":[{"id":1219,"href":"https:\/\/portal.adas.de\/home\/index.php\/wp-json\/wp\/v2\/pages\/37\/revisions\/1219"}],"wp:featuredmedia":[{"embeddable":true,"href":"https:\/\/portal.adas.de\/home\/index.php\/wp-json\/wp\/v2\/media\/138"}],"wp:attachment":[{"href":"https:\/\/portal.adas.de\/home\/index.php\/wp-json\/wp\/v2\/media?parent=37"}],"curies":[{"name":"wp","href":"https:\/\/api.w.org\/{rel}","templated":true}]}}