{"id":424,"date":"2019-08-12T17:29:59","date_gmt":"2019-08-12T15:29:59","guid":{"rendered":"http:\/\/portal.adas.de\/home\/?page_id=424"},"modified":"2026-04-09T10:27:00","modified_gmt":"2026-04-09T08:27:00","slug":"wir-ueber-uns","status":"publish","type":"page","link":"https:\/\/portal.adas.de\/home\/index.php\/wir-ueber-uns\/","title":{"rendered":"Wir \u00fcber uns"},"content":{"rendered":"<p>[et_pb_section fb_built=&#8220;1&#8243; fullwidth=&#8220;on&#8220; _builder_version=&#8220;3.22.3&#8243;][\/et_pb_section][et_pb_section fb_built=&#8220;1&#8243; fullwidth=&#8220;on&#8220; _builder_version=&#8220;3.22.3&#8243; background_color=&#8220;rgba(40,40,40,0.02)&#8220; background_image=&#8220;http:\/\/portal.adas.de\/home\/wp-content\/uploads\/2019\/04\/Offizin_schmal.png&#8220; custom_padding=&#8220;0px|0px|0|0|false|false&#8220;][\/et_pb_section][et_pb_section fb_built=&#8220;1&#8243; _builder_version=&#8220;3.22.3&#8243; background_image=&#8220;http:\/\/portal.adas.de\/home\/wp-content\/uploads\/2019\/03\/coding-dots.png&#8220; background_repeat=&#8220;repeat&#8220; custom_padding=&#8220;4px|0px|1px|0px|false|false&#8220; bottom_divider_color=&#8220;rgba(0,0,0,0.29)&#8220;][et_pb_row _builder_version=&#8220;4.7.3&#8243; _module_preset=&#8220;default&#8220;][et_pb_column type=&#8220;4_4&#8243; _builder_version=&#8220;4.7.3&#8243; _module_preset=&#8220;default&#8220;][et_pb_text _builder_version=&#8220;4.7.3&#8243; _module_preset=&#8220;default&#8220; text_font_size=&#8220;24px&#8220;]<\/p>\n<p>Wir \u00fcber uns<\/p>\n<p>[\/et_pb_text][\/et_pb_column][\/et_pb_row][et_pb_row _builder_version=&#8220;3.25&#8243;][et_pb_column type=&#8220;4_4&#8243; _builder_version=&#8220;3.25&#8243; custom_padding=&#8220;|||&#8220; custom_padding__hover=&#8220;|||&#8220;][et_pb_text _builder_version=&#8220;4.7.3&#8243;]<\/p>\n<h1>ADAS &#8211; Bundesverband Deutscher Apotheken-Softwareh\u00e4user<\/h1>\n<p>Die Mitgliedsfirmen ADG Apotheken-Dienstleistungsgesellschaft, AD Apotheken Datenverarbeitung GmbH, awinta (Noventi Health SE), CIDA GmbH, LAUER-FISCHER GmbH, Optipharm GmbH und PHARMATECHNIK GmbH und Co. KG sind im Bundesverband Deutscher Softwareh\u00e4user (ADAS) organisiert. Sie versorgen und betreuen die deutschen Apotheken mit modernen Apotheken-EDV-Systemen. Zum Produktumfang geh\u00f6ren Warenwirtschaft, Point of Sale Kassen und Produktdatenbanken mit umfassenden pharmazeutischen Informationen sowie Softwaremodule f\u00fcr Betriebswirtschaft, Statistik und Patientenbetreuung. Vorsitzender ist Herr Gerhard Haas, erster stellvertretender Vorsitzender ist Herr Benjamin Neidhold, zweiter stellvertretener Vorsitzender ist Herr Hauke Stirler. Das Amt des Schatzmeister nimmt Herr Herbert Wild ein.<\/p>\n<h1>\u00dcbergreifende Zusammenarbeit der ADAS<\/h1>\n<p>Um sektor\u00fcbergreifende L\u00f6sungen abzustimmen und voranzutreiben, h\u00e4lt ADAS engen Kontakt mit dem Bundesministerium f\u00fcr Gesundheit (BMG), zur Bundesvereinigung Deutscher Apothekenverb\u00e4nde,\u00a0 (ABDA)\u00a0 zu den kassen\u00e4rztlichen Vereinigungen (KV), aber auch zu anderen Verb\u00e4nden, die Prim\u00e4rsysteme im Gesundheitswesen vertreten. Diese Kontakte bestehen zu den Verb\u00e4nden:<\/p>\n<ul>\n<li>VDARZ &#8211; Bundesverband Deutscher Apothekenrechenzentren e. V.<\/li>\n<li>PHAGRO &#8211; Bundesverband des pharmazeutischen Gro\u00dfhandels e. V.<\/li>\n<li>bvitg &#8211; Verband der Hersteller von IT-Systemen im Gesundheitswesen<\/li>\n<li>VDAP &#8211; Anbieter von Systemen f\u00fcr niedergelassene \u00c4rzte<\/li>\n<li>VDDS &#8211; Anbieter von Zahnarztsystemen<\/li>\n<\/ul>\n<p>[\/et_pb_text][\/et_pb_column][\/et_pb_row][\/et_pb_section][et_pb_section fb_built=&#8220;1&#8243; custom_padding_last_edited=&#8220;on|tablet&#8220; prev_background_color=&#8220;#ffffff&#8220; next_background_color=&#8220;#ffffff&#8220; admin_label=&#8220;Hero&#8220; _builder_version=&#8220;3.22.3&#8243; use_background_color_gradient=&#8220;on&#8220; background_color_gradient_start=&#8220;rgba(0,0,0,0.17)&#8220; background_color_gradient_end=&#8220;rgba(0,0,0,0.5)&#8220; background_color_gradient_type=&#8220;radial&#8220; background_color_gradient_direction_radial=&#8220;top right&#8220; background_color_gradient_start_position=&#8220;20%&#8220; background_color_gradient_overlays_image=&#8220;on&#8220; custom_padding=&#8220;112px|0px|0|0px|false|false&#8220; custom_padding_tablet=&#8220;50px||50px||true&#8220; custom_padding_phone=&#8220;|||&#8220; top_divider_style=&#8220;asymmetric2&#8243; bottom_divider_style=&#8220;asymmetric&#8220; bottom_divider_height=&#8220;50px&#8220; bottom_divider_flip=&#8220;horizontal&#8220; bottom_divider_height_tablet=&#8220;90px&#8220; bottom_divider_height_phone=&#8220;80px&#8220;][et_pb_row column_structure=&#8220;1_4,3_4&#8243; _builder_version=&#8220;3.25&#8243; custom_padding=&#8220;0|0px|13px|0px|false|false&#8220;][et_pb_column type=&#8220;1_4&#8243; _builder_version=&#8220;3.25&#8243; custom_padding=&#8220;|||&#8220; custom_padding__hover=&#8220;|||&#8220;][et_pb_text _builder_version=&#8220;3.27.4&#8243; text_font=&#8220;Montserrat|600|||||||&#8220; header_font=&#8220;Montserrat|600|||||||&#8220; background_layout=&#8220;dark&#8220;]<\/p>\n<h4><span style=\"color: #ffffff;\">Unsere Mitglieder<\/span><\/h4>\n<p>[\/et_pb_text][\/et_pb_column][et_pb_column type=&#8220;3_4&#8243; _builder_version=&#8220;3.25&#8243; custom_padding=&#8220;|||&#8220; custom_padding__hover=&#8220;|||&#8220;][\/et_pb_column][\/et_pb_row][et_pb_row column_structure=&#8220;1_6,1_6,1_6,1_6,1_6,1_6&#8243; _builder_version=&#8220;3.25&#8243; custom_padding=&#8220;0|0px|13px|0px|false|false&#8220;][et_pb_column type=&#8220;1_6&#8243; _builder_version=&#8220;3.25&#8243; custom_padding=&#8220;|||&#8220; custom_padding__hover=&#8220;|||&#8220;][et_pb_blurb title=&#8220;ADG Apotheken Dienstleistungs- Gesellschaft mbH&#8220; image=&#8220;http:\/\/portal.adas.de\/home\/wp-content\/uploads\/2019\/04\/ADG-Logo-2016-1.png&#8220; _builder_version=&#8220;3.21.1&#8243; header_font=&#8220;|600|||||||&#8220; header_text_align=&#8220;center&#8220; header_text_color=&#8220;#ffffff&#8220; header_font_size=&#8220;16px&#8220; header_line_height=&#8220;1.4em&#8220; background_layout=&#8220;dark&#8220; link_option_url=&#8220;www.adg.de&#8220; link_option_url_new_window=&#8220;on&#8220; border_radii_image=&#8220;on|6px|6px|6px|6px&#8220; box_shadow_style_image=&#8220;preset2&#8243; box_shadow_horizontal_image=&#8220;10px&#8220; box_shadow_vertical_image=&#8220;10px&#8220; box_shadow_blur_image=&#8220;30px&#8220;][\/et_pb_blurb][\/et_pb_column][et_pb_column type=&#8220;1_6&#8243; _builder_version=&#8220;3.25&#8243; custom_padding=&#8220;|||&#8220; custom_padding__hover=&#8220;|||&#8220;][et_pb_blurb title=&#8220;ADV Apotheken Daten-verarbeitung&#8220; image=&#8220;http:\/\/portal.adas.de\/home\/wp-content\/uploads\/2019\/04\/ADV_02_2018.gif&#8220; _builder_version=&#8220;3.21.1&#8243; header_font=&#8220;|600|||||||&#8220; header_text_align=&#8220;center&#8220; header_text_color=&#8220;#ffffff&#8220; header_font_size=&#8220;16px&#8220; header_line_height=&#8220;1.4em&#8220; background_layout=&#8220;dark&#8220; link_option_url=&#8220;apo-edv.de&#8220; link_option_url_new_window=&#8220;on&#8220; border_radii_image=&#8220;on|6px|6px|6px|6px&#8220; box_shadow_style_image=&#8220;preset2&#8243; box_shadow_horizontal_image=&#8220;10px&#8220; box_shadow_vertical_image=&#8220;10px&#8220; box_shadow_blur_image=&#8220;30px&#8220;][\/et_pb_blurb][\/et_pb_column][et_pb_column type=&#8220;1_6&#8243; _builder_version=&#8220;3.25&#8243; custom_padding=&#8220;|||&#8220; custom_padding__hover=&#8220;|||&#8220;][et_pb_blurb title=&#8220;Noventi Health SE&#8220; image=&#8220;https:\/\/portal.adas.de\/home\/wp-content\/uploads\/2024\/09\/noventi.jpg&#8220; _builder_version=&#8220;4.7.3&#8243; header_font=&#8220;|600|||||||&#8220; header_text_align=&#8220;center&#8220; header_text_color=&#8220;#ffffff&#8220; header_font_size=&#8220;16px&#8220; header_line_height=&#8220;1.4em&#8220; background_layout=&#8220;dark&#8220; link_option_url=&#8220;www.awinta.de&#8220; link_option_url_new_window=&#8220;on&#8220; border_radii_image=&#8220;on|6px|6px|6px|6px&#8220; box_shadow_style_image=&#8220;preset2&#8243; box_shadow_horizontal_image=&#8220;10px&#8220; box_shadow_vertical_image=&#8220;10px&#8220; box_shadow_blur_image=&#8220;30px&#8220;][\/et_pb_blurb][\/et_pb_column][et_pb_column type=&#8220;1_6&#8243; _builder_version=&#8220;3.25&#8243; custom_padding=&#8220;|||&#8220; custom_padding__hover=&#8220;|||&#8220;][et_pb_blurb title=&#8220;CIDA GmbH&#8220; image=&#8220;http:\/\/portal.adas.de\/home\/wp-content\/uploads\/2019\/04\/CIDA.png&#8220; _builder_version=&#8220;3.21.1&#8243; header_font=&#8220;|600|||||||&#8220; header_text_align=&#8220;center&#8220; header_text_color=&#8220;#ffffff&#8220; header_font_size=&#8220;16px&#8220; header_line_height=&#8220;1.4em&#8220; background_layout=&#8220;dark&#8220; link_option_url=&#8220;www.cida.de&#8220; link_option_url_new_window=&#8220;on&#8220; border_radii_image=&#8220;on|6px|6px|6px|6px&#8220; box_shadow_style_image=&#8220;preset2&#8243; box_shadow_horizontal_image=&#8220;10px&#8220; box_shadow_vertical_image=&#8220;10px&#8220; box_shadow_blur_image=&#8220;30px&#8220;][\/et_pb_blurb][\/et_pb_column][et_pb_column type=&#8220;1_6&#8243; _builder_version=&#8220;3.25&#8243; custom_padding=&#8220;|||&#8220; custom_padding__hover=&#8220;|||&#8220;][et_pb_blurb title=&#8220;Lauer Fischer GmbH&#8220; image=&#8220;http:\/\/portal.adas.de\/home\/wp-content\/uploads\/2019\/04\/Lauer.png&#8220; _builder_version=&#8220;3.21.1&#8243; header_font=&#8220;|600|||||||&#8220; header_text_align=&#8220;center&#8220; header_text_color=&#8220;#ffffff&#8220; header_font_size=&#8220;16px&#8220; header_line_height=&#8220;1.4em&#8220; background_layout=&#8220;dark&#8220; link_option_url=&#8220;www.lauer-fischer.de&#8220; link_option_url_new_window=&#8220;on&#8220; border_radii_image=&#8220;on|6px|6px|6px|6px&#8220; box_shadow_style_image=&#8220;preset2&#8243; box_shadow_horizontal_image=&#8220;10px&#8220; box_shadow_vertical_image=&#8220;10px&#8220; box_shadow_blur_image=&#8220;30px&#8220;][\/et_pb_blurb][\/et_pb_column][et_pb_column type=&#8220;1_6&#8243; _builder_version=&#8220;3.25&#8243; custom_padding=&#8220;|||&#8220; custom_padding__hover=&#8220;|||&#8220;][et_pb_blurb title=&#8220;Optipharm Plus GmbH&#8220; image=&#8220;http:\/\/portal.adas.de\/home\/wp-content\/uploads\/2019\/04\/optipharm.png&#8220; _builder_version=&#8220;3.21.1&#8243; header_font=&#8220;|600|||||||&#8220; header_text_align=&#8220;center&#8220; header_text_color=&#8220;#ffffff&#8220; header_font_size=&#8220;16px&#8220; header_line_height=&#8220;1.4em&#8220; background_layout=&#8220;dark&#8220; link_option_url=&#8220;www.optipharm.de&#8220; link_option_url_new_window=&#8220;on&#8220; border_radii_image=&#8220;on|6px|6px|6px|6px&#8220; box_shadow_style_image=&#8220;preset2&#8243; box_shadow_horizontal_image=&#8220;10px&#8220; box_shadow_vertical_image=&#8220;10px&#8220; box_shadow_blur_image=&#8220;30px&#8220;][\/et_pb_blurb][\/et_pb_column][\/et_pb_row][et_pb_row column_structure=&#8220;1_6,1_6,1_6,1_6,1_6,1_6&#8243; _builder_version=&#8220;3.25&#8243; custom_padding=&#8220;0|0px|34px|0px|false|false&#8220;][et_pb_column type=&#8220;1_6&#8243; _builder_version=&#8220;3.25&#8243; custom_padding=&#8220;|||&#8220; custom_padding__hover=&#8220;|||&#8220;][et_pb_blurb title=&#8220;Pharmatechnik GmbH &#038; Co. KG&#8220; image=&#8220;http:\/\/portal.adas.de\/home\/wp-content\/uploads\/2019\/04\/pharmatechnik.png&#8220; _builder_version=&#8220;3.21.1&#8243; header_font=&#8220;|600|||||||&#8220; header_text_align=&#8220;center&#8220; header_text_color=&#8220;#ffffff&#8220; header_font_size=&#8220;16px&#8220; header_line_height=&#8220;1.4em&#8220; background_layout=&#8220;dark&#8220; link_option_url=&#8220;www.pharmatechnik.de&#8220; link_option_url_new_window=&#8220;on&#8220; border_radii_image=&#8220;on|6px|6px|6px|6px&#8220; box_shadow_style_image=&#8220;preset2&#8243; box_shadow_horizontal_image=&#8220;10px&#8220; box_shadow_vertical_image=&#8220;10px&#8220; box_shadow_blur_image=&#8220;30px&#8220;][\/et_pb_blurb][\/et_pb_column][et_pb_column type=&#8220;1_6&#8243; _builder_version=&#8220;3.25&#8243; custom_padding=&#8220;|||&#8220; custom_padding__hover=&#8220;|||&#8220;][et_pb_blurb title=&#8220;PRISMA DATENSYSTEME GmbH&#8220; image=&#8220;http:\/\/portal.adas.de\/home\/wp-content\/uploads\/2019\/04\/prisma.png&#8220; _builder_version=&#8220;3.21.1&#8243; header_font=&#8220;|600|||||||&#8220; header_text_align=&#8220;center&#8220; header_text_color=&#8220;#ffffff&#8220; header_font_size=&#8220;16px&#8220; header_line_height=&#8220;1.4em&#8220; background_layout=&#8220;dark&#8220; link_option_url=&#8220;www.aposoft.de&#8220; link_option_url_new_window=&#8220;on&#8220; border_radii_image=&#8220;on|6px|6px|6px|6px&#8220; box_shadow_style_image=&#8220;preset2&#8243; box_shadow_horizontal_image=&#8220;10px&#8220; box_shadow_vertical_image=&#8220;10px&#8220; box_shadow_blur_image=&#8220;30px&#8220;][\/et_pb_blurb][\/et_pb_column][et_pb_column type=&#8220;1_6&#8243; _builder_version=&#8220;3.25&#8243; custom_padding=&#8220;|||&#8220; custom_padding__hover=&#8220;|||&#8220;][\/et_pb_column][et_pb_column type=&#8220;1_6&#8243; _builder_version=&#8220;3.25&#8243; custom_padding=&#8220;|||&#8220; custom_padding__hover=&#8220;|||&#8220;][\/et_pb_column][et_pb_column type=&#8220;1_6&#8243; _builder_version=&#8220;3.25&#8243; custom_padding=&#8220;|||&#8220; custom_padding__hover=&#8220;|||&#8220;][\/et_pb_column][et_pb_column type=&#8220;1_6&#8243; _builder_version=&#8220;3.25&#8243; custom_padding=&#8220;|||&#8220; custom_padding__hover=&#8220;|||&#8220;][\/et_pb_column][\/et_pb_row][\/et_pb_section][et_pb_section fb_built=&#8220;1&#8243; _builder_version=&#8220;4.7.3&#8243; _module_preset=&#8220;default&#8220;][\/et_pb_section]<\/p>\n","protected":false},"excerpt":{"rendered":"<p>[et_pb_section fb_built=&#8220;1&#8243; fullwidth=&#8220;on&#8220; _builder_version=&#8220;3.22.3&#8243;][\/et_pb_section][et_pb_section fb_built=&#8220;1&#8243; fullwidth=&#8220;on&#8220; _builder_version=&#8220;3.22.3&#8243; background_color=&#8220;rgba(40,40,40,0.02)&#8220; background_image=&#8220;http:\/\/portal.adas.de\/home\/wp-content\/uploads\/2019\/04\/Offizin_schmal.png&#8220; custom_padding=&#8220;0px|0px|0|0|false|false&#8220;][\/et_pb_section][et_pb_section fb_built=&#8220;1&#8243; _builder_version=&#8220;3.22.3&#8243; background_image=&#8220;http:\/\/portal.adas.de\/home\/wp-content\/uploads\/2019\/03\/coding-dots.png&#8220; background_repeat=&#8220;repeat&#8220; custom_padding=&#8220;4px|0px|1px|0px|false|false&#8220; bottom_divider_color=&#8220;rgba(0,0,0,0.29)&#8220;][et_pb_row _builder_version=&#8220;4.7.3&#8243; _module_preset=&#8220;default&#8220;][et_pb_column type=&#8220;4_4&#8243; _builder_version=&#8220;4.7.3&#8243; _module_preset=&#8220;default&#8220;][et_pb_text _builder_version=&#8220;4.7.3&#8243; _module_preset=&#8220;default&#8220; text_font_size=&#8220;24px&#8220;] Wir \u00fcber uns [\/et_pb_text][\/et_pb_column][\/et_pb_row][et_pb_row _builder_version=&#8220;3.25&#8243;][et_pb_column type=&#8220;4_4&#8243; _builder_version=&#8220;3.25&#8243; custom_padding=&#8220;|||&#8220; custom_padding__hover=&#8220;|||&#8220;][et_pb_text _builder_version=&#8220;4.7.3&#8243;] ADAS &#8211; Bundesverband Deutscher Apotheken-Softwareh\u00e4user Die Mitgliedsfirmen ADG Apotheken-Dienstleistungsgesellschaft, AD Apotheken Datenverarbeitung GmbH, awinta (Noventi Health SE), CIDA GmbH, LAUER-FISCHER GmbH, [&hellip;]<\/p>\n","protected":false},"author":1,"featured_media":0,"parent":0,"menu_order":0,"comment_status":"closed","ping_status":"closed","template":"","meta":{"_et_pb_use_builder":"on","_et_pb_old_content":"","_et_gb_content_width":"","footnotes":""},"class_list":["post-424","page","type-page","status-publish","hentry"],"_links":{"self":[{"href":"https:\/\/portal.adas.de\/home\/index.php\/wp-json\/wp\/v2\/pages\/424","targetHints":{"allow":["GET"]}}],"collection":[{"href":"https:\/\/portal.adas.de\/home\/index.php\/wp-json\/wp\/v2\/pages"}],"about":[{"href":"https:\/\/portal.adas.de\/home\/index.php\/wp-json\/wp\/v2\/types\/page"}],"author":[{"embeddable":true,"href":"https:\/\/portal.adas.de\/home\/index.php\/wp-json\/wp\/v2\/users\/1"}],"replies":[{"embeddable":true,"href":"https:\/\/portal.adas.de\/home\/index.php\/wp-json\/wp\/v2\/comments?post=424"}],"version-history":[{"count":25,"href":"https:\/\/portal.adas.de\/home\/index.php\/wp-json\/wp\/v2\/pages\/424\/revisions"}],"predecessor-version":[{"id":1233,"href":"https:\/\/portal.adas.de\/home\/index.php\/wp-json\/wp\/v2\/pages\/424\/revisions\/1233"}],"wp:attachment":[{"href":"https:\/\/portal.adas.de\/home\/index.php\/wp-json\/wp\/v2\/media?parent=424"}],"curies":[{"name":"wp","href":"https:\/\/api.w.org\/{rel}","templated":true}]}}