{"id":711,"date":"2023-02-02T07:55:06","date_gmt":"2023-02-02T06:55:06","guid":{"rendered":"https:\/\/portal.adas.de\/home\/?page_id=711"},"modified":"2024-11-22T11:46:30","modified_gmt":"2024-11-22T10:46:30","slug":"mitgliedsunternehmen","status":"publish","type":"page","link":"https:\/\/portal.adas.de\/home\/index.php\/mitgliedsunternehmen\/","title":{"rendered":"Mitgliedsunternehmen"},"content":{"rendered":"<p>[et_pb_section fb_built=&#8220;1&#8243; admin_label=&#8220;section&#8220; _builder_version=&#8220;3.22&#8243;][et_pb_row _builder_version=&#8220;4.7.3&#8243; _module_preset=&#8220;default&#8220;][et_pb_column type=&#8220;4_4&#8243; _builder_version=&#8220;4.7.3&#8243; _module_preset=&#8220;default&#8220;][et_pb_text _builder_version=&#8220;4.7.3&#8243; _module_preset=&#8220;default&#8220; text_font_size=&#8220;24px&#8220;]<\/p>\n<p>Mitgliedsunternehmen<\/p>\n<p>[\/et_pb_text][\/et_pb_column][\/et_pb_row][et_pb_row column_structure=&#8220;3_4,1_4&#8243; _builder_version=&#8220;4.7.3&#8243; _module_preset=&#8220;default&#8220;][et_pb_column type=&#8220;3_4&#8243; _builder_version=&#8220;4.7.3&#8243; _module_preset=&#8220;default&#8220;][et_pb_text _builder_version=&#8220;4.7.3&#8243; _module_preset=&#8220;default&#8220;]<\/p>\n<h2 class=\"wp-block-heading\">ADG Apotheken-Dienstleistungsgesellschaft mbH<\/h2>\n<p>Das Unternehmen ADG Apotheken-Dienstleistungsgesellschaft mbH, als Teil der PHOENIX group, entwickelt und vertreibt innovative IT-L\u00f6sungen f\u00fcr Apotheken. Die PHOENIX group ist f\u00fchrender Pharmah\u00e4ndler in Europa und in den Bereichen Gro\u00dfhandel, Einzelhandel und Pharma Services t\u00e4tig. Die ADG stellt seit 1972 EDV-L\u00f6sungen und Servicekonzepte f\u00fcr Apotheken bereit und ist mit \u00fcber 800 Mitarbeitern in sechs L\u00e4ndern aktiv. Mehr als 9.600 Apotheken nutzen eines unserer Warenwirtschaftssysteme. Damit ist die ADG Gruppe einer der europaweit f\u00fchrenden Anbieter. Gemeinsam mit dem Tochterunternehmen JDM Innovation GmbH setzt die ADG in der gesamten Apothekenbranche Ma\u00dfst\u00e4be in der Entwicklung von Warenwirtschafts-, Kassen- und Managementsystemen. <a href=\"http:\/\/www.adg.de\/\">www.adg.de<\/a>.<\/p>\n<p>[\/et_pb_text][\/et_pb_column][et_pb_column type=&#8220;1_4&#8243; _builder_version=&#8220;4.7.3&#8243; _module_preset=&#8220;default&#8220;][et_pb_image src=&#8220;https:\/\/portal.adas.de\/home\/wp-content\/uploads\/2024\/09\/ADG-Logo-2016-2.png&#8220; title_text=&#8220;ADG-Logo-2016&#8243; _builder_version=&#8220;4.7.3&#8243; _module_preset=&#8220;default&#8220;][\/et_pb_image][\/et_pb_column][\/et_pb_row][et_pb_row column_structure=&#8220;3_4,1_4&#8243; _builder_version=&#8220;4.7.3&#8243; _module_preset=&#8220;default&#8220;][et_pb_column type=&#8220;3_4&#8243; _builder_version=&#8220;4.7.3&#8243; _module_preset=&#8220;default&#8220;][et_pb_text _builder_version=&#8220;4.7.3&#8243; _module_preset=&#8220;default&#8220;]<\/p>\n<h2 class=\"wp-block-heading\">CIDA Computerleistungen f\u00fcr Apotheken GmbH<\/h2>\n<p class=\"has-text-align-left\">CIDA wurde 1982 gegr\u00fcndet und ist eine 100%ige Tochtergesellschaft der Apotheken-Rechen-Zentrum GmbH, Darmstadt. Die Apothekensoftware CIDAnova-Plus wird vollst\u00e4ndig in\u00a0Deutschland in Zusammenarbeit von Apothekern und IT-Spezialisten entwickelt und erf\u00fcllt alle Anforderungen an ein zukunftsweisendes Kassen- und Warenwirtschaftssystem.\u00a0Speziell die Oracle-Datenbank sorgt f\u00fcr eine hohe Performance des Systems. Mit einer Vielzahl optionaler Module \u2013 zum Beispiel Botendienst und\u00a0automatische Lageroptimierung \u2013 kann CIDAnova-Plus individuell an die Anforderungen der Apotheke angepasst werden. <a rel=\"noreferrer noopener\" href=\"http:\/\/www.cida.de\" target=\"_blank\">www.cida.de<\/a><\/p>\n<p>[\/et_pb_text][\/et_pb_column][et_pb_column type=&#8220;1_4&#8243; _builder_version=&#8220;4.7.3&#8243; _module_preset=&#8220;default&#8220;][et_pb_image src=&#8220;https:\/\/portal.adas.de\/home\/wp-content\/uploads\/2019\/04\/CIDA-1.png&#8220; title_text=&#8220;CIDA&#8220; _builder_version=&#8220;4.7.3&#8243; _module_preset=&#8220;default&#8220;][\/et_pb_image][\/et_pb_column][\/et_pb_row][et_pb_row column_structure=&#8220;3_4,1_4&#8243; _builder_version=&#8220;4.7.3&#8243; _module_preset=&#8220;default&#8220;][et_pb_column type=&#8220;3_4&#8243; _builder_version=&#8220;4.7.3&#8243; _module_preset=&#8220;default&#8220;][et_pb_text _builder_version=&#8220;4.7.3&#8243; _module_preset=&#8220;default&#8220; hover_enabled=&#8220;0&#8243; sticky_enabled=&#8220;0&#8243;]<\/p>\n<h2 class=\"wp-block-heading\">LAUER-FISCHER GmbH<\/h2>\n<p>Seit \u00fcber 70 Jahren steht CGM LAUER \u2013 mit inzwischen ca. 3.000 Kunden und 13 Standorten <br \/>bundesweit \u2013 f\u00fcr Innovation im Apothekenmarkt. So bilden die bew\u00e4hrte Softwarel\u00f6sung<br \/>WINAPO\u00ae ux und die neue Cloudsoftware CGM STELLA die perfekte Kombination f\u00fcr <br \/>Apotheken, die maximal flexibel sein wollen. CGM LAUER begegnet aktuellen <br \/>Herausforderungen mit modernen, effizienten Technologien, die Apotheken helfen, ihre <br \/>Prozesse zu optimieren und Synergien zu nutzen. Der direkte Kundenkontakt, positive <br \/>Kundenfeedbacks und starke Partnerschaften untermauern den Ruf als zuverl\u00e4ssiger <br \/>L\u00f6sungspartner.<br \/> <a rel=\"noreferrer noopener\" href=\"http:\/\/www.lauer-fischer.de\" target=\"_blank\">www.cgm.com\/lauer<\/a><\/p>\n<p>[\/et_pb_text][\/et_pb_column][et_pb_column type=&#8220;1_4&#8243; _builder_version=&#8220;4.7.3&#8243; _module_preset=&#8220;default&#8220;][et_pb_image src=&#8220;https:\/\/portal.adas.de\/home\/wp-content\/uploads\/2024\/11\/CGM_LAF_PRODUCT_SIGN__RGB_1.0_300dpi.png&#8220; title_text=&#8220;CGM_LAF_PRODUCT_SIGN__RGB_1.0_300dpi&#8220; _builder_version=&#8220;4.7.3&#8243; _module_preset=&#8220;default&#8220; hover_enabled=&#8220;0&#8243; sticky_enabled=&#8220;0&#8243;][\/et_pb_image][\/et_pb_column][\/et_pb_row][et_pb_row column_structure=&#8220;3_4,1_4&#8243; _builder_version=&#8220;4.7.3&#8243; _module_preset=&#8220;default&#8220;][et_pb_column type=&#8220;3_4&#8243; _builder_version=&#8220;4.7.3&#8243; _module_preset=&#8220;default&#8220;][et_pb_text _builder_version=&#8220;4.7.3&#8243; _module_preset=&#8220;default&#8220;]<\/p>\n<h2 class=\"wp-block-heading\">Noventi Health SE<\/h2>\n<p><span class=\"normaltextrun\" style=\"font-size: 14px; text-align: justify;\">NOVENTI ist der f\u00fchrende Anbieter von Software, Finanzdienstleistungen und digitalen Plattformen im deutschen Gesundheitsmarkt. Mit den Dienstleistungen und Produkten in den Bereichen Abrechnung, Warenwirtschaft und Branchensoftware steht NOVENTI s\u00e4mtlichen Leistungserbringerinnen und Leistungserbringern des Gesundheitswesens mit Professionalit\u00e4t und Expertise zur Seite. Dazu z\u00e4hlen unter anderem Apotheken, Arztpraxen, Physiotherapiepraxen, Sanit\u00e4tsh\u00e4user und Pflegedienste sowie deren Kundinnen und Kunden bzw. Patientinnen und Patienten. NOVENTI begleitet seine Kundinnen und Kunden in digitalen Transformationsprozessen wie dem E-Rezept, bietet hybride L\u00f6sungen und vernetzt sowohl die Dienstleisterinnen und Dienstleister im Gesundheitsmarkt als auch die Menschen miteinander, um damit die Zukunftsf\u00e4higkeit der Leistungserbringerinnen und Leistungserbringer zu sichern. Seit der Gr\u00fcndung im Jahre 1900 als Interessenvertretung von M\u00fcnchner Apotheken ist NOVENTI bis heute ein apothekereigenes Unternehmen. Eigent\u00fcmer ist der FSA e. V., der rund 3.500 Apothekerinnen und Apotheker zu seinen Mitgliedern z\u00e4hlt. NOVENTI mit Hauptsitz in M\u00fcnchen, besch\u00e4ftigt rund 1.900 Mitarbeitende und erzielt einen Abrechnungsumsatz von \u00fcber 31 Mrd. Euro.\u00a0\u00a0<a href=\"http:\/\/noventi.de\">Noventi SE<\/a><\/span><\/p>\n<p>&nbsp;<\/p>\n<p>[\/et_pb_text][\/et_pb_column][et_pb_column type=&#8220;1_4&#8243; _builder_version=&#8220;4.7.3&#8243; _module_preset=&#8220;default&#8220;][et_pb_image src=&#8220;https:\/\/portal.adas.de\/home\/wp-content\/uploads\/2024\/09\/NOVENTI_farbig_150dpi.jpg&#8220; title_text=&#8220;NOVENTI_4c&#8220; _builder_version=&#8220;4.7.3&#8243; _module_preset=&#8220;default&#8220;][\/et_pb_image][\/et_pb_column][\/et_pb_row][et_pb_row column_structure=&#8220;3_4,1_4&#8243; _builder_version=&#8220;4.7.3&#8243; _module_preset=&#8220;default&#8220;][et_pb_column type=&#8220;3_4&#8243; _builder_version=&#8220;4.7.3&#8243; _module_preset=&#8220;default&#8220;][et_pb_text _builder_version=&#8220;4.7.3&#8243; _module_preset=&#8220;default&#8220;]<\/p>\n<h2 class=\"wp-block-heading\">OPTIPHARM Plus GmbH<\/h2>\n<p>Optipharm ist als Apotheken-EDV-Anbieter gepr\u00e4gt durch die pharmazeutischen Wurzeln der Unternehmensgr\u00fcnder und durch die Leidenschaft, komplizierte Vorg\u00e4nge ganz einfach zu machen. Das Markenzeichen \u2013 die Doppelscannerkasse \u2013 begleitet Optipharm seit der ersten Stunde und blieb \u00fcber den gesamten Zeitraum origin\u00e4res Produkt des Unternehmens. <a rel=\"noreferrer noopener\" href=\"http:\/\/www.optipharm.de\" target=\"_blank\">www.optipharm.de<\/a><\/p>\n<p>[\/et_pb_text][\/et_pb_column][et_pb_column type=&#8220;1_4&#8243; _builder_version=&#8220;4.7.3&#8243; _module_preset=&#8220;default&#8220;][et_pb_image src=&#8220;https:\/\/portal.adas.de\/home\/wp-content\/uploads\/2023\/02\/grafik-4.png&#8220; title_text=&#8220;grafik-4&#8243; _builder_version=&#8220;4.7.3&#8243; _module_preset=&#8220;default&#8220;][\/et_pb_image][\/et_pb_column][\/et_pb_row][et_pb_row column_structure=&#8220;3_4,1_4&#8243; _builder_version=&#8220;4.7.3&#8243; _module_preset=&#8220;default&#8220;][et_pb_column type=&#8220;3_4&#8243; _builder_version=&#8220;4.7.3&#8243; _module_preset=&#8220;default&#8220;][et_pb_text _builder_version=&#8220;4.7.3&#8243; _module_preset=&#8220;default&#8220;]<\/p>\n<h2 class=\"wp-block-heading\">PHARMAGEST Germany<\/h2>\n<p>PHARMAGEST Germany geh\u00f6rt dem Gesch\u00e4ftsbereich Solutions Pharmacie Europe der franz\u00f6sischen Equasens Group an, dem f\u00fchrenden Experten f\u00fcr IT-L\u00f6sungen im Gesundheitswesen in Europa.\u00a0<span style=\"font-size: 14px;\">PHARMAGEST wurde vor 35 Jahren von Apothekern f\u00fcr Apotheken gegr\u00fcndet und ist inzwischen in 7 L\u00e4ndern mit 12.000 Anwendern vertreten und befasst sich t\u00e4glich mit dem Design, der Entwicklung und dem Einsatz von L\u00f6sungen, die die t\u00e4gliche Arbeit von Apothekerinnen und Apothekern erleichtern.\u00a0<\/span><span style=\"font-size: 14px;\">In den zukunftsweisenden L\u00f6sungen wie Software f\u00fcr Apothekenverwaltung, EDV-Ausstattung sowie digitalen Add-On-Produkten und Services, lebt jahrzehntelanges Knowhow und Verst\u00e4ndnis, das genau auf die neuen Entwicklungen in Deutschland und Europa einzahlt im Sinne einer Evolution, aber vor allem einer innovativen Revolution.\u00a0<a href=\"http:\/\/www.pharmagest.de\">PHARMAGEST Germany GmbH<\/a><\/span><\/p>\n<p>[\/et_pb_text][\/et_pb_column][et_pb_column type=&#8220;1_4&#8243; _builder_version=&#8220;4.7.3&#8243; _module_preset=&#8220;default&#8220;][et_pb_image src=&#8220;https:\/\/portal.adas.de\/home\/wp-content\/uploads\/2024\/10\/Pharmagest.png&#8220; title_text=&#8220;Pharmagest&#8220; _builder_version=&#8220;4.7.3&#8243; _module_preset=&#8220;default&#8220;][\/et_pb_image][\/et_pb_column][\/et_pb_row][et_pb_row column_structure=&#8220;3_4,1_4&#8243; _builder_version=&#8220;4.7.3&#8243; _module_preset=&#8220;default&#8220;][et_pb_column type=&#8220;3_4&#8243; _builder_version=&#8220;4.7.3&#8243; _module_preset=&#8220;default&#8220;][et_pb_text _builder_version=&#8220;4.7.3&#8243; _module_preset=&#8220;default&#8220;]<\/p>\n<h2 class=\"wp-block-heading\">PHARMATECHNIK GmbH &amp; Co. KG<\/h2>\n<p>PHARMATECHNIK steht seit \u00fcber 40 Jahren f\u00fcr bahnbrechende Software-L\u00f6sungen im Gesundheitswesen. Mit einem Service, der einzigartig ist: 700 Mitarbeiter sind an 14 Gesch\u00e4ftsstellen bundesweit im Einsatz und k\u00fcmmern sich mit Leidenschaft um den Erfolg von rund 7.000 Kunden in den Bereichen Apotheken- und Arztpraxismanagement. Unabh\u00e4ngigkeit von Pharmaindustrie, Gro\u00dfhandel, Rechenzentren und anderen Konzerninteressen bedeutet Flexibilit\u00e4t und optimale Datensicherheit f\u00fcr die Kunden.<br \/> <a href=\"http:\/\/www.pharmatechnik.de\" target=\"_blank\" rel=\"noreferrer noopener\">www.pharmatechnik.de<\/a><\/p>\n<p>[\/et_pb_text][\/et_pb_column][et_pb_column type=&#8220;1_4&#8243; _builder_version=&#8220;4.7.3&#8243; _module_preset=&#8220;default&#8220;][et_pb_image src=&#8220;https:\/\/portal.adas.de\/home\/wp-content\/uploads\/2023\/02\/grafik-8.png&#8220; title_text=&#8220;grafik-8&#8243; _builder_version=&#8220;4.7.3&#8243; _module_preset=&#8220;default&#8220;][\/et_pb_image][\/et_pb_column][\/et_pb_row][et_pb_row column_structure=&#8220;3_4,1_4&#8243; _builder_version=&#8220;4.7.3&#8243; _module_preset=&#8220;default&#8220;][et_pb_column type=&#8220;3_4&#8243; _builder_version=&#8220;4.7.3&#8243; _module_preset=&#8220;default&#8220;][et_pb_text _builder_version=&#8220;4.7.3&#8243; _module_preset=&#8220;default&#8220;]<\/p>\n<h2 class=\"wp-block-heading\">PRISMA Datensysteme GmbH<\/h2>\n<p>PRISMA ist ein Dienstleistungsunternehmen rund um die EDV. Das Unternehmen wurde im Jahr 1988 gegr\u00fcndet. Die damals geschaffenen Unternehmensbereiche Softwareentwicklung (vornehmlich das Warenwirtschaftssystem f\u00fcr Apotheken und andere kommerzielle Anwendungen), Technik + Service (Schwerpunkt Netzwerktechnik) sowie die EDV-Unternehmensberatung haben sich seit der Gr\u00fcndung erfolgreich entwickelt und in den entsprechenden Marktsegmenten erfolgreich platziert. <a rel=\"noreferrer noopener\" href=\"http:\/\/www.aposoft.de\" target=\"_blank\">www.aposoft.de<\/a><\/p>\n<p>&nbsp;<\/p>\n<p>[\/et_pb_text][\/et_pb_column][et_pb_column type=&#8220;1_4&#8243; _builder_version=&#8220;4.7.3&#8243; _module_preset=&#8220;default&#8220;][et_pb_image src=&#8220;https:\/\/portal.adas.de\/home\/wp-content\/uploads\/2023\/02\/grafik-9.png&#8220; title_text=&#8220;grafik-9&#8243; _builder_version=&#8220;4.7.3&#8243; _module_preset=&#8220;default&#8220;][\/et_pb_image][\/et_pb_column][\/et_pb_row][\/et_pb_section]<\/p>\n","protected":false},"excerpt":{"rendered":"<p>[et_pb_section fb_built=&#8220;1&#8243; admin_label=&#8220;section&#8220; _builder_version=&#8220;3.22&#8243;][et_pb_row _builder_version=&#8220;4.7.3&#8243; _module_preset=&#8220;default&#8220;][et_pb_column type=&#8220;4_4&#8243; _builder_version=&#8220;4.7.3&#8243; _module_preset=&#8220;default&#8220;][et_pb_text _builder_version=&#8220;4.7.3&#8243; _module_preset=&#8220;default&#8220; text_font_size=&#8220;24px&#8220;] Mitgliedsunternehmen [\/et_pb_text][\/et_pb_column][\/et_pb_row][et_pb_row column_structure=&#8220;3_4,1_4&#8243; _builder_version=&#8220;4.7.3&#8243; _module_preset=&#8220;default&#8220;][et_pb_column type=&#8220;3_4&#8243; _builder_version=&#8220;4.7.3&#8243; _module_preset=&#8220;default&#8220;][et_pb_text _builder_version=&#8220;4.7.3&#8243; _module_preset=&#8220;default&#8220;] ADG Apotheken-Dienstleistungsgesellschaft mbH Das Unternehmen ADG Apotheken-Dienstleistungsgesellschaft mbH, als Teil der PHOENIX group, entwickelt und vertreibt innovative IT-L\u00f6sungen f\u00fcr Apotheken. Die PHOENIX group ist f\u00fchrender Pharmah\u00e4ndler in Europa und in den Bereichen Gro\u00dfhandel, [&hellip;]<\/p>\n","protected":false},"author":4,"featured_media":0,"parent":0,"menu_order":0,"comment_status":"closed","ping_status":"closed","template":"","meta":{"_et_pb_use_builder":"on","_et_pb_old_content":"<!-- wp:heading -->\n<h2>ADG-Apothekendienstleistungsgesellschaft mbH<\/h2>\n<!-- \/wp:heading -->\n\n<!-- wp:image {\"align\":\"right\",\"id\":713,\"width\":172,\"height\":108,\"sizeSlug\":\"full\",\"linkDestination\":\"none\"} -->\n<figure class=\"wp-block-image alignright size-full is-resized\"><img src=\"https:\/\/portal.adas.de\/home\/wp-content\/uploads\/2023\/02\/grafik-1.png\" alt=\"\" class=\"wp-image-713\" width=\"172\" height=\"108\"\/><\/figure>\n<!-- \/wp:image -->\n\n<!-- wp:paragraph -->\n<p>Das Unternehmen ADG Apotheken-Dienstleistungsgesellschaft mbH, als Teil der PHOENIX group, entwickelt und vertreibt innovative IT-L\u00f6sungen f\u00fcr Apotheken. Die PHOENIX group ist f\u00fchrender Pharmah\u00e4ndler in Europa und in den Bereichen Gro\u00dfhandel, Einzelhandel und Pharma Services t\u00e4tig. Die ADG betreibt zurzeit 23 Niederlassungen mit \u00fcber 400 Mitarbeitern in Deutschland. Mit mehr als 4.700 Kunden ist das Unternehmen der zweitgr\u00f6\u00dfte Anbieter von Warenwirtschaftssystemen im Apothekenmarkt. Gemeinsam mit dem Tochterunternehmen JDM Innovation GmbH setzt die ADG in der gesamten Apothekenbranche Ma\u00dfst\u00e4be in der Entwicklung von Warenwirtschafts-, Kassen- und Managementsystemen. <a href=\"http:\/\/www.adg.de\/\">www.adg.de<\/a><\/p>\n<!-- \/wp:paragraph -->\n\n<!-- wp:heading -->\n<h2>AD Apotheken Datenverarbeitung GmbH &amp; Co. KG<\/h2>\n<!-- \/wp:heading -->\n\n<!-- wp:image {\"align\":\"right\",\"id\":712,\"sizeSlug\":\"full\",\"linkDestination\":\"none\"} -->\n<figure class=\"wp-block-image alignright size-full\"><img src=\"https:\/\/portal.adas.de\/home\/wp-content\/uploads\/2023\/02\/grafik.png\" alt=\"\" class=\"wp-image-712\"\/><\/figure>\n<!-- \/wp:image -->\n\n<!-- wp:paragraph -->\n<p>Mit Erfahrung seit 1986 im EDV-, Software- und Dienstleistungsbereich ist ADV ein kompetenter Ansprechpartner f\u00fcr L\u00f6sungen in Apotheken, der Ihnen den Erfolg der selbst\u00e4ndigen Unternehmensf\u00fchrung Ihrer Apotheke(n) sichert. <a rel=\"noreferrer noopener\" href=\"http:\/\/www.apo-edv.de\" target=\"_blank\">www.apo-edv.de<\/a><\/p>\n<!-- \/wp:paragraph -->\n\n<!-- wp:heading -->\n<h2>awinta (Noventi Health SE)<\/h2>\n<!-- \/wp:heading -->\n\n<!-- wp:image {\"align\":\"right\",\"width\":298,\"height\":75} -->\n<figure class=\"wp-block-image alignright is-resized\"><img src=\"http:\/\/www.adas.de\/images\/image001.png\" alt=\"image001\" width=\"298\" height=\"75\"\/><\/figure>\n<!-- \/wp:image -->\n\n<!-- wp:paragraph -->\n<p>Mit rund 7.000 zu betreuenden Kunden ist die zur NOVENTI Health SE geh\u00f6rende awinta der Marktf\u00fchrer f\u00fcr Apothekensoftware im deutschen Gesundheitsmarkt. Das apothekereigene Unternehmen versetzt die Apotheken in die Lage, auch in Zukunft erfolgreich zu sein. Das Produkt- und Dienstleistungsspektrum der awinta umfasst mehrere Produktlinien und er\u00f6ffnet Apotheken dadurch die M\u00f6glichkeit, ihre pharmazeutische Kompetenz und ihre unternehmerischen Potentiale entsprechend ihrer jeweilige Anforderungen optimal zur Geltung zu bringen. Das Unternehmen mit Hauptsitz in M\u00fcnchen geh\u00f6rt regelm\u00e4\u00dfig zu den Preistr\u00e4gern der wichtigsten Branchenauszeichnungen, darunter sechs Mal in Folge der Kooperationspreis in der Kategorie \u201eBester IT-Partner\u201c sowie die erneute Auszeichnung als Apotheken-Favorit auf der expopharm 2018. Auch \u00fcbergreifende Auszeichnungen, unter anderem des FOCUS, wie \u201eBeste Arbeitgeber Deutschlands\u201c best\u00e4tigen den Erfolg des Unternehmens. awinta ist eine Marke der NOVENTI Health SE<br>\u00a0<a href=\"http:\/\/www.awinta.de\/\">www.awinta.de<\/a><\/p>\n<!-- \/wp:paragraph -->\n\n<!-- wp:heading -->\n<h2>CIDA Computerleistungen f\u00fcr Apotheken GmbH<\/h2>\n<!-- \/wp:heading -->\n\n<!-- wp:image {\"align\":\"right\",\"id\":720,\"sizeSlug\":\"full\",\"linkDestination\":\"none\"} -->\n<figure class=\"wp-block-image alignright size-full\"><img src=\"https:\/\/portal.adas.de\/home\/wp-content\/uploads\/2023\/02\/grafik-5.png\" alt=\"\" class=\"wp-image-720\"\/><\/figure>\n<!-- \/wp:image -->\n\n<!-- wp:paragraph {\"align\":\"left\"} -->\n<p class=\"has-text-align-left\">CIDA wurde 1982 gegr\u00fcndet und ist eine 100%ige Tochtergesellschaft der Apotheken-Rechen-Zentrum GmbH, Darmstadt. Die Apothekensoftware CIDAnova-Plus wird vollst\u00e4ndig in\u00a0Deutschland in Zusammenarbeit von Apothekern und IT-Spezialisten entwickelt und erf\u00fcllt alle Anforderungen an ein zukunftsweisendes Kassen- und Warenwirtschaftssystem.\u00a0Speziell die Oracle-Datenbank sorgt f\u00fcr eine hohe Performance des Systems. Mit einer Vielzahl optionaler Module \u2013 zum Beispiel Botendienst und\u00a0automatische Lageroptimierung \u2013 kann CIDAnova-Plus individuell an die Anforderungen der Apotheke angepasst werden. <a rel=\"noreferrer noopener\" href=\"http:\/\/www.cida.de\" target=\"_blank\">www.cida.de<\/a><\/p>\n<!-- \/wp:paragraph -->\n\n<!-- wp:paragraph -->\n<p><\/p>\n<!-- \/wp:paragraph -->\n\n<!-- wp:heading -->\n<h2>LAUER-FISCHER GmbH<\/h2>\n<!-- \/wp:heading -->\n\n<!-- wp:image {\"align\":\"right\",\"id\":714,\"width\":151,\"height\":77,\"sizeSlug\":\"full\",\"linkDestination\":\"none\"} -->\n<figure class=\"wp-block-image alignright size-full is-resized\"><img src=\"https:\/\/portal.adas.de\/home\/wp-content\/uploads\/2023\/02\/grafik-2.png\" alt=\"\" class=\"wp-image-714\" width=\"151\" height=\"77\"\/><\/figure>\n<!-- \/wp:image -->\n\n<!-- wp:paragraph -->\n<p>Seit 1950 steht die Lauer-Taxe als Synonym f\u00fcr Arzneimittelinformation. Heute entwickelt LAUER-FISCHER als innovativer L\u00f6sungspartner der aktiven, unabh\u00e4ngigen Apotheke systemintegrierende EDV-Plattformen. Mit der WINAPO\u00ae-Reihe werden komplette, moderne Warenwirtschaftssysteme mit umfangreichen Zusatzmodulen angeboten. Die \u00fcber 7.000 Kunden werden bundesweit an 16 Standorten betreut.<br><a rel=\"noreferrer noopener\" href=\"http:\/\/www.lauer-fischer.de\" target=\"_blank\">www.lauer-fischer.de<\/a><\/p>\n<!-- \/wp:paragraph -->\n\n<!-- wp:heading -->\n<h2>OPTIPHARM Plus GmbH<\/h2>\n<!-- \/wp:heading -->\n\n<!-- wp:image {\"align\":\"right\",\"id\":719,\"sizeSlug\":\"full\",\"linkDestination\":\"none\"} -->\n<figure class=\"wp-block-image alignright size-full\"><img src=\"https:\/\/portal.adas.de\/home\/wp-content\/uploads\/2023\/02\/grafik-4.png\" alt=\"\" class=\"wp-image-719\"\/><\/figure>\n<!-- \/wp:image -->\n\n<!-- wp:paragraph -->\n<p>Optipharm ist als Apotheken-EDV-Anbieter gepr\u00e4gt durch die pharmazeutischen Wurzeln der Unternehmensgr\u00fcnder und durch die Leidenschaft, komplizierte Vorg\u00e4nge ganz einfach zu machen. Das Markenzeichen \u2013 die Doppelscannerkasse \u2013 begleitet Optipharm seit der ersten Stunde und blieb \u00fcber den gesamten Zeitraum origin\u00e4res Produkt des Unternehmens. <a rel=\"noreferrer noopener\" href=\"http:\/\/www.optipharm.de\" target=\"_blank\">www.optipharm.de<\/a><\/p>\n<!-- \/wp:paragraph -->\n\n<!-- wp:paragraph -->\n<p><\/p>\n<!-- \/wp:paragraph -->\n\n<!-- wp:heading -->\n<h2>PHARMATECHNIK GmbH &amp; Co. KG<\/h2>\n<!-- \/wp:heading -->\n\n<!-- wp:image {\"align\":\"right\",\"id\":725,\"sizeSlug\":\"full\",\"linkDestination\":\"none\"} -->\n<figure class=\"wp-block-image alignright size-full\"><img src=\"https:\/\/portal.adas.de\/home\/wp-content\/uploads\/2023\/02\/grafik-8.png\" alt=\"\" class=\"wp-image-725\"\/><\/figure>\n<!-- \/wp:image -->\n\n<!-- wp:paragraph {\"align\":\"left\"} -->\n<p class=\"has-text-align-left\">PHARMATECHNIK steht seit \u00fcber 40 Jahren f\u00fcr bahnbrechende Software-L\u00f6sungen im Gesundheitswesen. Mit einem Service, der einzigartig ist: 650 Mitarbeiter sind an 14 Gesch\u00e4ftsstellen bundesweit im Einsatz und k\u00fcmmern sich mit Leidenschaft um den Erfolg von rund 7.000 Kunden in den Bereichen Apotheken- und Arztpraxismanagement. Unabh\u00e4ngigkeit von Pharmaindustrie, Gro\u00dfhandel, Rechenzentren und anderen Konzerninteressen bedeutet Flexibilit\u00e4t und optimale Datensicherheit f\u00fcr die Kunden.<br><a rel=\"noreferrer noopener\" href=\"http:\/\/www.pharmatechnik.de\" target=\"_blank\">www.pharmatechnik.de<\/a><\/p>\n<!-- \/wp:paragraph -->\n\n<!-- wp:heading -->\n<h2>PRISMA Datensysteme GmbH<\/h2>\n<!-- \/wp:heading -->\n\n<!-- wp:image {\"align\":\"right\",\"id\":726,\"sizeSlug\":\"full\",\"linkDestination\":\"none\"} -->\n<figure class=\"wp-block-image alignright size-full\"><img src=\"https:\/\/portal.adas.de\/home\/wp-content\/uploads\/2023\/02\/grafik-9.png\" alt=\"\" class=\"wp-image-726\"\/><\/figure>\n<!-- \/wp:image -->\n\n<!-- wp:paragraph -->\n<p>PRISMA ist ein Dienstleistungsunternehmen rund um die EDV. Das Unternehmen wurde im Jahr 1988 gegr\u00fcndet. Die damals geschaffenen Unternehmensbereiche Softwareentwicklung (vornehmlich das Warenwirtschaftssystem f\u00fcr Apotheken und andere kommerzielle Anwendungen), Technik + Service (Schwerpunkt Netzwerktechnik) sowie die EDV-Unternehmensberatung haben sich seit der Gr\u00fcndung erfolgreich entwickelt und in den entsprechenden Marktsegmenten erfolgreich platziert. <a rel=\"noreferrer noopener\" href=\"http:\/\/www.aposoft.de\" target=\"_blank\">www.aposoft.de<\/a><\/p>\n<!-- \/wp:paragraph -->","_et_gb_content_width":"","footnotes":""},"class_list":["post-711","page","type-page","status-publish","hentry"],"_links":{"self":[{"href":"https:\/\/portal.adas.de\/home\/index.php\/wp-json\/wp\/v2\/pages\/711","targetHints":{"allow":["GET"]}}],"collection":[{"href":"https:\/\/portal.adas.de\/home\/index.php\/wp-json\/wp\/v2\/pages"}],"about":[{"href":"https:\/\/portal.adas.de\/home\/index.php\/wp-json\/wp\/v2\/types\/page"}],"author":[{"embeddable":true,"href":"https:\/\/portal.adas.de\/home\/index.php\/wp-json\/wp\/v2\/users\/4"}],"replies":[{"embeddable":true,"href":"https:\/\/portal.adas.de\/home\/index.php\/wp-json\/wp\/v2\/comments?post=711"}],"version-history":[{"count":27,"href":"https:\/\/portal.adas.de\/home\/index.php\/wp-json\/wp\/v2\/pages\/711\/revisions"}],"predecessor-version":[{"id":1182,"href":"https:\/\/portal.adas.de\/home\/index.php\/wp-json\/wp\/v2\/pages\/711\/revisions\/1182"}],"wp:attachment":[{"href":"https:\/\/portal.adas.de\/home\/index.php\/wp-json\/wp\/v2\/media?parent=711"}],"curies":[{"name":"wp","href":"https:\/\/api.w.org\/{rel}","templated":true}]}}