{"id":874,"date":"2023-02-10T12:18:06","date_gmt":"2023-02-10T11:18:06","guid":{"rendered":"https:\/\/portal.adas.de\/home\/?page_id=874"},"modified":"2023-02-15T08:37:55","modified_gmt":"2023-02-15T07:37:55","slug":"projekt-amts-schnittstelle","status":"publish","type":"page","link":"https:\/\/portal.adas.de\/home\/index.php\/projekt-amts-schnittstelle\/","title":{"rendered":"Schnittstelle Arzneimitteltherapiesicherheit (AMTS)"},"content":{"rendered":"<p>[et_pb_section fb_built=&#8220;1&#8243; _builder_version=&#8220;4.7.3&#8243; _module_preset=&#8220;default&#8220;][et_pb_row _builder_version=&#8220;4.7.3&#8243; _module_preset=&#8220;default&#8220;][et_pb_column type=&#8220;4_4&#8243; _builder_version=&#8220;4.7.3&#8243; _module_preset=&#8220;default&#8220;][et_pb_image src=&#8220;https:\/\/portal.adas.de\/home\/wp-content\/uploads\/2019\/04\/Offizin_950X160.png&#8220; title_text=&#8220;Offizin_950X160&#8243; _builder_version=&#8220;4.7.3&#8243; _module_preset=&#8220;default&#8220;][\/et_pb_image][et_pb_post_title _builder_version=&#8220;4.7.3&#8243; _module_preset=&#8220;default&#8220;][\/et_pb_post_title][\/et_pb_column][\/et_pb_row][et_pb_row column_structure=&#8220;2_3,1_3&#8243; _builder_version=&#8220;4.7.3&#8243; _module_preset=&#8220;default&#8220;][et_pb_column type=&#8220;2_3&#8243; _builder_version=&#8220;4.7.3&#8243; _module_preset=&#8220;default&#8220;][et_pb_text _builder_version=&#8220;4.7.3&#8243; _module_preset=&#8220;default&#8220; custom_padding=&#8220;||0px|||&#8220;]<\/p>\n<p>Die ADAS AMTS Schnittstelle erm\u00f6glicht den sicheren Medikationsdatenaustausch mit Apotheken.<\/p>\n<p>Aufbauend auf dem ARMIN Projekt und weiteren Initiativen, hat der ADAS die AMTS Schnittstelle weiter ausgebaut, um damit vielf\u00e4ltige Anwendungsf\u00e4lle zu erm\u00f6glichen. Bereits heute sind zahlreiche Apotheken darauf angewiesen, Medikationsdaten mit weiteren Leistungserbringern auszutauschen. In der Praxis findet dies heute meistens papierbasiert oder \u00fcber propriet\u00e4re Einzelschnittstellen statt. Eine Aufhebung dieser Medienbr\u00fcche durch digitale Prozesse er\u00f6ffnet enormes Potenzial sowohl zur Verbesserung der Arzneimitteltherapiesicherheit als auch f\u00fcr eine deutliche Effizienzsteigerung. Die ADAS AMTS Schnittstelle besteht aus zwei Teilen: Einer umfassenden Beschreibung der f\u00fcr das Medikationsmanagement erforderlichen Daten sowie einer Kommunikationsplattform zum sicheren Austausch zwischen den Softwaresystemen.<\/p>\n<p>Diese Schnittstelle steht grunds\u00e4tzlich allen Marktpartnern zur Verf\u00fcgung, die mit Apothekendaten im Kontext Medikationen austauschen wollen. Der ADAS wird diese Schnittstelle mit Marktpartnern weiterentwickeln und sie zuk\u00fcnftigen Erfordernissen anpassen. Gemeinsam mit der ABDA soll sichergestellt werden, dass die Schnittstelle in die k\u00fcnftige Gematik Telematikinfrastruktur \u00fcberf\u00fchrt wird und somit qualit\u00e4tsgesicherte und nachhaltige L\u00f6sungen im Bereich E-Health f\u00fcr alle Beteiligten entstehen.<\/p>\n<p>Weitere Informationen erhalten Sie hier:\u00a0<a href=\"mailto:portal@adas.de\">portal@adas.de<\/a>. Bitte nennen Sie dabei Ihr Unternehmen, Ihren Namen und Ihre Funktion. Vielen Dank.<\/p>\n<p>[\/et_pb_text][\/et_pb_column][et_pb_column type=&#8220;1_3&#8243; _builder_version=&#8220;4.7.3&#8243; _module_preset=&#8220;default&#8220;][et_pb_blurb title=&#8220;Dokumentation&#8220; _builder_version=&#8220;4.7.3&#8243; _module_preset=&#8220;default&#8220; hover_enabled=&#8220;0&#8243; sticky_enabled=&#8220;0&#8243;]<\/p>\n<p>Nachfolgend erhalten Sie alle Dokumente und Spezifikationen zum Download<\/p>\n<p>[\/et_pb_blurb][et_pb_accordion _builder_version=&#8220;4.7.3&#8243; _module_preset=&#8220;default&#8220; width=&#8220;95%&#8220; link_option_url=&#8220;https:\/\/portal.adas.de\/home\/wp-content\/uploads\/2023\/02\/ADAS-AMTS.zip&#8220; link_option_url_new_window=&#8220;on&#8220; hover_enabled=&#8220;0&#8243; box_shadow_style=&#8220;preset2&#8243; sticky_enabled=&#8220;0&#8243;][et_pb_accordion_item title=&#8220;ADAS-AMTS.zip&#8220; open=&#8220;on&#8220; _builder_version=&#8220;4.7.3&#8243; _module_preset=&#8220;default&#8220; link_option_url=&#8220;https:\/\/portal.adas.de\/home\/wp-content\/uploads\/2023\/02\/ADAS-AMTS.zip&#8220; link_option_url_new_window=&#8220;on&#8220; hover_enabled=&#8220;0&#8243; sticky_enabled=&#8220;0&#8243;]<\/p>\n<p>Download &#8230;<\/p>\n<p>[\/et_pb_accordion_item][\/et_pb_accordion][\/et_pb_column][\/et_pb_row][\/et_pb_section]<\/p>\n","protected":false},"excerpt":{"rendered":"<p>[et_pb_section fb_built=&#8220;1&#8243; _builder_version=&#8220;4.7.3&#8243; _module_preset=&#8220;default&#8220;][et_pb_row _builder_version=&#8220;4.7.3&#8243; _module_preset=&#8220;default&#8220;][et_pb_column type=&#8220;4_4&#8243; _builder_version=&#8220;4.7.3&#8243; _module_preset=&#8220;default&#8220;][et_pb_image src=&#8220;https:\/\/portal.adas.de\/home\/wp-content\/uploads\/2019\/04\/Offizin_950X160.png&#8220; title_text=&#8220;Offizin_950X160&#8243; _builder_version=&#8220;4.7.3&#8243; _module_preset=&#8220;default&#8220;][\/et_pb_image][et_pb_post_title _builder_version=&#8220;4.7.3&#8243; _module_preset=&#8220;default&#8220;][\/et_pb_post_title][\/et_pb_column][\/et_pb_row][et_pb_row column_structure=&#8220;2_3,1_3&#8243; _builder_version=&#8220;4.7.3&#8243; _module_preset=&#8220;default&#8220;][et_pb_column type=&#8220;2_3&#8243; _builder_version=&#8220;4.7.3&#8243; _module_preset=&#8220;default&#8220;][et_pb_text _builder_version=&#8220;4.7.3&#8243; _module_preset=&#8220;default&#8220; custom_padding=&#8220;||0px|||&#8220;] Die ADAS AMTS Schnittstelle erm\u00f6glicht den sicheren Medikationsdatenaustausch mit Apotheken. Aufbauend auf dem ARMIN Projekt und weiteren Initiativen, hat der ADAS die AMTS Schnittstelle weiter ausgebaut, um damit vielf\u00e4ltige Anwendungsf\u00e4lle zu [&hellip;]<\/p>\n","protected":false},"author":1,"featured_media":0,"parent":0,"menu_order":0,"comment_status":"closed","ping_status":"closed","template":"","meta":{"_et_pb_use_builder":"on","_et_pb_old_content":"","_et_gb_content_width":"","footnotes":""},"class_list":["post-874","page","type-page","status-publish","hentry"],"_links":{"self":[{"href":"https:\/\/portal.adas.de\/home\/index.php\/wp-json\/wp\/v2\/pages\/874","targetHints":{"allow":["GET"]}}],"collection":[{"href":"https:\/\/portal.adas.de\/home\/index.php\/wp-json\/wp\/v2\/pages"}],"about":[{"href":"https:\/\/portal.adas.de\/home\/index.php\/wp-json\/wp\/v2\/types\/page"}],"author":[{"embeddable":true,"href":"https:\/\/portal.adas.de\/home\/index.php\/wp-json\/wp\/v2\/users\/1"}],"replies":[{"embeddable":true,"href":"https:\/\/portal.adas.de\/home\/index.php\/wp-json\/wp\/v2\/comments?post=874"}],"version-history":[{"count":10,"href":"https:\/\/portal.adas.de\/home\/index.php\/wp-json\/wp\/v2\/pages\/874\/revisions"}],"predecessor-version":[{"id":942,"href":"https:\/\/portal.adas.de\/home\/index.php\/wp-json\/wp\/v2\/pages\/874\/revisions\/942"}],"wp:attachment":[{"href":"https:\/\/portal.adas.de\/home\/index.php\/wp-json\/wp\/v2\/media?parent=874"}],"curies":[{"name":"wp","href":"https:\/\/api.w.org\/{rel}","templated":true}]}}