{"id":892,"date":"2023-02-10T13:21:47","date_gmt":"2023-02-10T12:21:47","guid":{"rendered":"https:\/\/portal.adas.de\/home\/?page_id=892"},"modified":"2023-02-15T08:44:11","modified_gmt":"2023-02-15T07:44:11","slug":"projekt-dws","status":"publish","type":"page","link":"https:\/\/portal.adas.de\/home\/index.php\/projekt-dws\/","title":{"rendered":"Schnittstelle Datawarehouse (DWS)"},"content":{"rendered":"<p>[et_pb_section fb_built=&#8220;1&#8243; _builder_version=&#8220;4.7.3&#8243; _module_preset=&#8220;default&#8220;][et_pb_row _builder_version=&#8220;4.7.3&#8243; _module_preset=&#8220;default&#8220;][et_pb_column type=&#8220;4_4&#8243; _builder_version=&#8220;4.7.3&#8243; _module_preset=&#8220;default&#8220;][et_pb_image src=&#8220;https:\/\/portal.adas.de\/home\/wp-content\/uploads\/2019\/04\/Offizin_950X160.png&#8220; title_text=&#8220;Offizin_950X160&#8243; _builder_version=&#8220;4.7.3&#8243; _module_preset=&#8220;default&#8220;][\/et_pb_image][et_pb_post_title _builder_version=&#8220;4.7.3&#8243; _module_preset=&#8220;default&#8220;][\/et_pb_post_title][\/et_pb_column][\/et_pb_row][et_pb_row column_structure=&#8220;2_3,1_3&#8243; _builder_version=&#8220;4.7.3&#8243; _module_preset=&#8220;default&#8220;][et_pb_column type=&#8220;2_3&#8243; _builder_version=&#8220;4.7.3&#8243; _module_preset=&#8220;default&#8220;][et_pb_text _builder_version=&#8220;4.7.3&#8243; _module_preset=&#8220;default&#8220; custom_padding=&#8220;||0px|||&#8220;]<\/p>\n<p>Die ADAS-Datawarehouse-Schnittstelle (ADAS-DWS) erm\u00f6glicht es, erstmals auf breiter Basis auch heterogen ausgestatteten Apothekengruppen, ihre Daten an zentraler Stelle zu sammeln.<\/p>\n<p>Die zunehmende h\u00e4ufigere Zusammenarbeit zwischen Apotheken, beginnend bei losen Gruppierungen \u00fcber gemeinsames Marketing, bis hin zu zentralem Einkauf, Kooperationen und Franchise-Systemen, bedingt auch neue Strukturen zur Messbarkeit von Erfolgen und zur Steuerung von \u00fcbergreifenden Ma\u00dfnahmen. Um auch in Gruppen mit unterschiedlichen Warenwirtschaftssystemen die daf\u00fcr notwendige Datenbasis schaffen zu k\u00f6nnen, wurde die ADAS-DWS als gemeinsame Schnittstelle geschaffen.<\/p>\n<p>Die Schnittstellendefinition tr\u00e4gt den Anforderungen des Marktes Rechnung und ist auf Basis eines XML-Schemas definiert. Es wird nach verpflichtenden und optionalen Bestandteilen unterschieden. So werden Anwendungen in verschiedenen Ausbaustufen klar definiert und geregelt.<\/p>\n<p>&nbsp;<\/p>\n<p>[\/et_pb_text][\/et_pb_column][et_pb_column type=&#8220;1_3&#8243; _builder_version=&#8220;4.7.3&#8243; _module_preset=&#8220;default&#8220;][et_pb_blurb title=&#8220;Dokumentation&#8220; _builder_version=&#8220;4.7.3&#8243; _module_preset=&#8220;default&#8220; custom_padding=&#8220;||7px|||&#8220; hover_enabled=&#8220;0&#8243; sticky_enabled=&#8220;0&#8243;]<\/p>\n<p>Nachfolgend erhalten Sie alle Dokumente und Spezifikationen zum Download\u00a0<\/p>\n<p>[\/et_pb_blurb][et_pb_accordion _builder_version=&#8220;4.7.3&#8243; _module_preset=&#8220;default&#8220; width=&#8220;95%&#8220; link_option_url=&#8220;https:\/\/portal.adas.de\/home\/wp-content\/uploads\/2023\/02\/ADAS-DWS.zip&#8220; link_option_url_new_window=&#8220;on&#8220; box_shadow_style=&#8220;preset2&#8243;][et_pb_accordion_item title=&#8220;ADAS-DWS_V1_0.pdf &#8220; open=&#8220;off&#8220; _builder_version=&#8220;4.7.3&#8243; _module_preset=&#8220;default&#8220; link_option_url=&#8220;https:\/\/portal.adas.de\/home\/wp-content\/uploads\/2023\/02\/ADAS-DWS_V1_0.pdf&#8220; link_option_url_new_window=&#8220;on&#8220;]<\/p>\n<p>Download: Hauptdokumentation<\/p>\n<p>[\/et_pb_accordion_item][et_pb_accordion_item title=&#8220;ADAS-DWS.zip&#8220; _builder_version=&#8220;4.7.3&#8243; _module_preset=&#8220;default&#8220; link_option_url=&#8220;https:\/\/portal.adas.de\/home\/wp-content\/uploads\/2023\/02\/ADAS-DWS.zip&#8220; link_option_url_new_window=&#8220;on&#8220; open=&#8220;on&#8220;]<\/p>\n<p>Download: XML-Schema-Definitionen der Ausbaustufen 1 bis 3 + Anfrage + Datentypen<\/p>\n<p>[\/et_pb_accordion_item][\/et_pb_accordion][\/et_pb_column][\/et_pb_row][\/et_pb_section]<\/p>\n","protected":false},"excerpt":{"rendered":"<p>[et_pb_section fb_built=&#8220;1&#8243; _builder_version=&#8220;4.7.3&#8243; _module_preset=&#8220;default&#8220;][et_pb_row _builder_version=&#8220;4.7.3&#8243; _module_preset=&#8220;default&#8220;][et_pb_column type=&#8220;4_4&#8243; _builder_version=&#8220;4.7.3&#8243; _module_preset=&#8220;default&#8220;][et_pb_image src=&#8220;https:\/\/portal.adas.de\/home\/wp-content\/uploads\/2019\/04\/Offizin_950X160.png&#8220; title_text=&#8220;Offizin_950X160&#8243; _builder_version=&#8220;4.7.3&#8243; _module_preset=&#8220;default&#8220;][\/et_pb_image][et_pb_post_title _builder_version=&#8220;4.7.3&#8243; _module_preset=&#8220;default&#8220;][\/et_pb_post_title][\/et_pb_column][\/et_pb_row][et_pb_row column_structure=&#8220;2_3,1_3&#8243; _builder_version=&#8220;4.7.3&#8243; _module_preset=&#8220;default&#8220;][et_pb_column type=&#8220;2_3&#8243; _builder_version=&#8220;4.7.3&#8243; _module_preset=&#8220;default&#8220;][et_pb_text _builder_version=&#8220;4.7.3&#8243; _module_preset=&#8220;default&#8220; custom_padding=&#8220;||0px|||&#8220;] Die ADAS-Datawarehouse-Schnittstelle (ADAS-DWS) erm\u00f6glicht es, erstmals auf breiter Basis auch heterogen ausgestatteten Apothekengruppen, ihre Daten an zentraler Stelle zu sammeln. Die zunehmende h\u00e4ufigere Zusammenarbeit zwischen Apotheken, beginnend bei losen Gruppierungen \u00fcber [&hellip;]<\/p>\n","protected":false},"author":1,"featured_media":0,"parent":0,"menu_order":0,"comment_status":"closed","ping_status":"closed","template":"","meta":{"_et_pb_use_builder":"on","_et_pb_old_content":"","_et_gb_content_width":"","footnotes":""},"class_list":["post-892","page","type-page","status-publish","hentry"],"_links":{"self":[{"href":"https:\/\/portal.adas.de\/home\/index.php\/wp-json\/wp\/v2\/pages\/892","targetHints":{"allow":["GET"]}}],"collection":[{"href":"https:\/\/portal.adas.de\/home\/index.php\/wp-json\/wp\/v2\/pages"}],"about":[{"href":"https:\/\/portal.adas.de\/home\/index.php\/wp-json\/wp\/v2\/types\/page"}],"author":[{"embeddable":true,"href":"https:\/\/portal.adas.de\/home\/index.php\/wp-json\/wp\/v2\/users\/1"}],"replies":[{"embeddable":true,"href":"https:\/\/portal.adas.de\/home\/index.php\/wp-json\/wp\/v2\/comments?post=892"}],"version-history":[{"count":15,"href":"https:\/\/portal.adas.de\/home\/index.php\/wp-json\/wp\/v2\/pages\/892\/revisions"}],"predecessor-version":[{"id":945,"href":"https:\/\/portal.adas.de\/home\/index.php\/wp-json\/wp\/v2\/pages\/892\/revisions\/945"}],"wp:attachment":[{"href":"https:\/\/portal.adas.de\/home\/index.php\/wp-json\/wp\/v2\/media?parent=892"}],"curies":[{"name":"wp","href":"https:\/\/api.w.org\/{rel}","templated":true}]}}