{"id":948,"date":"2023-02-15T10:47:24","date_gmt":"2023-02-15T09:47:24","guid":{"rendered":"https:\/\/portal.adas.de\/home\/?page_id=948"},"modified":"2023-02-17T15:26:11","modified_gmt":"2023-02-17T14:26:11","slug":"schnittstelle-ecopouning","status":"publish","type":"page","link":"https:\/\/portal.adas.de\/home\/index.php\/schnittstelle-ecopouning\/","title":{"rendered":"Schnittstelle eCouponing"},"content":{"rendered":"<p>[et_pb_section fb_built=&#8220;1&#8243; _builder_version=&#8220;4.7.3&#8243; _module_preset=&#8220;default&#8220;][et_pb_row _builder_version=&#8220;4.7.3&#8243; _module_preset=&#8220;default&#8220;][et_pb_column type=&#8220;4_4&#8243; _builder_version=&#8220;4.7.3&#8243; _module_preset=&#8220;default&#8220;][et_pb_image src=&#8220;https:\/\/portal.adas.de\/home\/wp-content\/uploads\/2019\/04\/Offizin_950X160.png&#8220; title_text=&#8220;Offizin_950X160&#8243; _builder_version=&#8220;4.7.3&#8243; _module_preset=&#8220;default&#8220;][\/et_pb_image][et_pb_post_title _builder_version=&#8220;4.7.3&#8243; _module_preset=&#8220;default&#8220;][\/et_pb_post_title][\/et_pb_column][\/et_pb_row][et_pb_row column_structure=&#8220;2_3,1_3&#8243; _builder_version=&#8220;4.7.3&#8243; _module_preset=&#8220;default&#8220;][et_pb_column type=&#8220;2_3&#8243; _builder_version=&#8220;4.7.3&#8243; _module_preset=&#8220;default&#8220;][et_pb_text _builder_version=&#8220;4.7.3&#8243; _module_preset=&#8220;default&#8220;]Nach langwieriger, intensiver Vorbereitung mit fachlichen &amp; technischen Abstimmungen die \u00f6ffentlichen Apotheken in Deutschland erhalten Sie die M\u00f6glichkeit, sich \u00fcber eine von der ADAS konzeptionierte Standardschnittstelle an den eCouponing-Relayserver der NGDA anzubinden. Die NGDA ist als neutraler Marktpartner hierbei in Abstimmung mit der ADAS zur Konzeption und ausf\u00fchrend f\u00fcr Errichtung und Betrieb des CRS (Coupon-Relay-Servers) verantwortlich, an den sich interessierte Marktteilnehmer anbinden k\u00f6nnen.<\/p>\n<p><a href=\"https:\/\/portal.adas.de\/home\/wp-content\/uploads\/2023\/02\/20210805-eCouponing-Quick-Update-fu\u0308r-alle-CCP.pdf\">20210805 eCouponing Quick Update fu\u0308r alle CCP<\/a><\/p>\n<p>Die NGDA macht allen interessierten Coupon-Anbietern das Angebot, sich zu denselben Konditionen an das CRS anzubinden.[\/et_pb_text][\/et_pb_column][et_pb_column type=&#8220;1_3&#8243; _builder_version=&#8220;4.7.3&#8243; _module_preset=&#8220;default&#8220;][et_pb_blurb title=&#8220;Couponing Gateway&#8220; _builder_version=&#8220;4.7.3&#8243; _module_preset=&#8220;default&#8220; hover_enabled=&#8220;0&#8243; sticky_enabled=&#8220;0&#8243;]<\/p>\n<p>Hier erhalten Sie weitere Dokumente und Spezifikationen zum Download:<\/p>\n<p><a href=\"https:\/\/app.swaggerhub.com\/apis\/ADAS-A2B-Services\/adas-a2b-couponing\/1.1.1\" target=\"_blank\" rel=\"noopener noreferrer\" title=\"ADAS-A2B-Couponing-Services\">ADAS A2B Couponing Services &#8211; SwaggerHub<\/a><\/p>\n<p>&nbsp;<\/p>\n<p>[\/et_pb_blurb][et_pb_accordion _builder_version=&#8220;4.7.3&#8243; _module_preset=&#8220;default&#8220; width=&#8220;95%&#8220; link_option_url=&#8220;https:\/\/portal.adas.de\/home\/wp-content\/uploads\/2023\/02\/Couponing-Gateway-fuer-SWH-v1.0.1.pdf&#8220; link_option_url_new_window=&#8220;on&#8220; box_shadow_style=&#8220;preset2&#8243;][et_pb_accordion_item title=&#8220;Version 1.0.1&#8243; open=&#8220;on&#8220; _builder_version=&#8220;4.7.3&#8243; _module_preset=&#8220;default&#8220; link_option_url=&#8220;https:\/\/portal.adas.de\/home\/wp-content\/uploads\/2023\/02\/Couponing-Gateway-fuer-SWH-v1.0.1.pdf&#8220; link_option_url_new_window=&#8220;on&#8220;]Download &#8230;[\/et_pb_accordion_item][et_pb_accordion_item title=&#8220;Version 1.0.0 (Mock)&#8220; _builder_version=&#8220;4.7.3&#8243; _module_preset=&#8220;default&#8220; link_option_url=&#8220;https:\/\/portal.adas.de\/home\/wp-content\/uploads\/2023\/02\/Couponing-Gateway-Mock-fuer-SWH-v1.0.0.pdf&#8220; link_option_url_new_window=&#8220;on&#8220; open=&#8220;off&#8220;]Download &#8230;[\/et_pb_accordion_item][et_pb_accordion_item title=&#8220;ADAS &#8211; A2B -Couponing &#8211; Services Version 1.1.1&#8243; _builder_version=&#8220;4.7.3&#8243; _module_preset=&#8220;default&#8220; link_option_url=&#8220;https:\/\/app.swaggerhub.com\/apis\/ADAS-A2B-Services\/adas-a2b-couponing\/1.1.1&#8243; link_option_url_new_window=&#8220;on&#8220; open=&#8220;off&#8220;]Swagger-Hub -&gt;[\/et_pb_accordion_item][\/et_pb_accordion][\/et_pb_column][\/et_pb_row][\/et_pb_section]<\/p>\n","protected":false},"excerpt":{"rendered":"<p>[et_pb_section fb_built=&#8220;1&#8243; _builder_version=&#8220;4.7.3&#8243; _module_preset=&#8220;default&#8220;][et_pb_row _builder_version=&#8220;4.7.3&#8243; _module_preset=&#8220;default&#8220;][et_pb_column type=&#8220;4_4&#8243; _builder_version=&#8220;4.7.3&#8243; _module_preset=&#8220;default&#8220;][et_pb_image src=&#8220;https:\/\/portal.adas.de\/home\/wp-content\/uploads\/2019\/04\/Offizin_950X160.png&#8220; title_text=&#8220;Offizin_950X160&#8243; _builder_version=&#8220;4.7.3&#8243; _module_preset=&#8220;default&#8220;][\/et_pb_image][et_pb_post_title _builder_version=&#8220;4.7.3&#8243; _module_preset=&#8220;default&#8220;][\/et_pb_post_title][\/et_pb_column][\/et_pb_row][et_pb_row column_structure=&#8220;2_3,1_3&#8243; _builder_version=&#8220;4.7.3&#8243; _module_preset=&#8220;default&#8220;][et_pb_column type=&#8220;2_3&#8243; _builder_version=&#8220;4.7.3&#8243; _module_preset=&#8220;default&#8220;][et_pb_text _builder_version=&#8220;4.7.3&#8243; _module_preset=&#8220;default&#8220;]Nach langwieriger, intensiver Vorbereitung mit fachlichen &amp; technischen Abstimmungen die \u00f6ffentlichen Apotheken in Deutschland erhalten Sie die M\u00f6glichkeit, sich \u00fcber eine von der ADAS konzeptionierte Standardschnittstelle an den eCouponing-Relayserver der NGDA anzubinden. Die [&hellip;]<\/p>\n","protected":false},"author":1,"featured_media":0,"parent":0,"menu_order":0,"comment_status":"closed","ping_status":"closed","template":"","meta":{"_et_pb_use_builder":"on","_et_pb_old_content":"","_et_gb_content_width":"","footnotes":""},"class_list":["post-948","page","type-page","status-publish","hentry"],"_links":{"self":[{"href":"https:\/\/portal.adas.de\/home\/index.php\/wp-json\/wp\/v2\/pages\/948","targetHints":{"allow":["GET"]}}],"collection":[{"href":"https:\/\/portal.adas.de\/home\/index.php\/wp-json\/wp\/v2\/pages"}],"about":[{"href":"https:\/\/portal.adas.de\/home\/index.php\/wp-json\/wp\/v2\/types\/page"}],"author":[{"embeddable":true,"href":"https:\/\/portal.adas.de\/home\/index.php\/wp-json\/wp\/v2\/users\/1"}],"replies":[{"embeddable":true,"href":"https:\/\/portal.adas.de\/home\/index.php\/wp-json\/wp\/v2\/comments?post=948"}],"version-history":[{"count":13,"href":"https:\/\/portal.adas.de\/home\/index.php\/wp-json\/wp\/v2\/pages\/948\/revisions"}],"predecessor-version":[{"id":991,"href":"https:\/\/portal.adas.de\/home\/index.php\/wp-json\/wp\/v2\/pages\/948\/revisions\/991"}],"wp:attachment":[{"href":"https:\/\/portal.adas.de\/home\/index.php\/wp-json\/wp\/v2\/media?parent=948"}],"curies":[{"name":"wp","href":"https:\/\/api.w.org\/{rel}","templated":true}]}}